{"id":8723,"date":"2026-04-01T11:34:22","date_gmt":"2026-04-01T11:34:22","guid":{"rendered":"https:\/\/sokoro.hu\/?page_id=8723"},"modified":"2026-04-01T11:43:10","modified_gmt":"2026-04-01T11:43:10","slug":"prospektus","status":"publish","type":"page","link":"https:\/\/sokoro.hu\/en\/prospektus\/","title":{"rendered":"Prospektus"},"content":{"rendered":"<div data-elementor-type=\"wp-page\" data-elementor-id=\"8723\" class=\"elementor elementor-8723\">\n\t\t\t\t\t\t\t<div class=\"elementor-element elementor-element-8bd0b93 e-flex e-con-boxed e-con e-parent\" data-id=\"8bd0b93\" data-element_type=\"container\" data-settings=\"{&quot;content_width&quot;:&quot;boxed&quot;}\" data-core-v316-plus=\"true\">\n\t\t\t\t\t<div class=\"e-con-inner\">\n\t\t\t\t<div class=\"elementor-element elementor-element-de4864f elementor-widget elementor-widget-shortcode\" data-id=\"de4864f\" data-element_type=\"widget\" data-widget_type=\"shortcode.default\">\n\t\t\t\t<div class=\"elementor-widget-container\">\n\t\t\t<style>.elementor-element-de4864f{display:none !important}<\/style>\t\t<\/div>\n\t\t\t\t<\/div>\n\t\t\t\t\t<\/div>\n\t\t\t\t<\/div>\n\t\t<div class=\"elementor-element elementor-element-cd56bbc e-flex e-con-boxed e-con e-parent\" data-id=\"cd56bbc\" data-element_type=\"container\" data-settings=\"{&quot;content_width&quot;:&quot;boxed&quot;}\" data-core-v316-plus=\"true\">\n\t\t\t\t\t<div class=\"e-con-inner\">\n\t\t\t\t<div class=\"elementor-element elementor-element-c344191 elementor-widget elementor-widget-shortcode\" data-id=\"c344191\" data-element_type=\"widget\" data-widget_type=\"shortcode.default\">\n\t\t\t\t<div class=\"elementor-widget-container\">\n\t\t\t\t\t<div class=\"elementor-shortcode\"><div class=\"_df_book df-lite\" id=\"df_8715\"  _slug=\"bemutatkozas-eng\" data-title=\"bemutatkozas-eng\" wpoptions=\"true\" thumb=\"https:\/\/sokoro.hu\/wp-content\/uploads\/2026\/03\/sokoro_eng_thumb.jpg\" thumbtype=\"\" ><\/div><script class=\"df-shortcode-script\" nowprocket type=\"application\/javascript\">window.option_df_8715 = {\"outline\":[],\"backgroundColor\":\"#ffffff\",\"autoEnableOutline\":\"false\",\"autoEnableThumbnail\":\"false\",\"overwritePDFOutline\":\"false\",\"direction\":\"1\",\"pageSize\":\"0\",\"source\":\"https:\\\/\\\/sokoro.hu\\\/wp-content\\\/uploads\\\/2026\\\/03\\\/Sokoro_Bemutatkozo_anyag_A4_2026_ENG-compressed.pdf\",\"wpOptions\":\"true\"}; if(window.DFLIP && window.DFLIP.parseBooks){window.DFLIP.parseBooks();}<\/script><\/div>\n\t\t\t\t<\/div>\n\t\t\t\t<\/div>\n\t\t\t\t\t<\/div>\n\t\t\t\t<\/div>\n\t\t\t\t\t\t\t<\/div>","protected":false},"excerpt":{"rendered":"","protected":false},"author":1,"featured_media":0,"parent":0,"menu_order":0,"comment_status":"closed","ping_status":"closed","template":"","meta":{"footnotes":""},"class_list":["post-8723","page","type-page","status-publish","hentry"],"yoast_head":"<!-- This site is optimized with the Yoast SEO plugin v27.1.1 - https:\/\/yoast.com\/product\/yoast-seo-wordpress\/ -->\n<title>Prospektus - Sokor\u00f3 Kft.<\/title>\n<meta name=\"robots\" content=\"index, follow, max-snippet:-1, max-image-preview:large, max-video-preview:-1\" \/>\n<link rel=\"canonical\" href=\"https:\/\/sokoro.hu\/en\/prospektus\/\" \/>\n<meta property=\"og:locale\" content=\"en_GB\" \/>\n<meta property=\"og:type\" content=\"article\" \/>\n<meta property=\"og:title\" content=\"Prospektus - Sokor\u00f3 Kft.\" \/>\n<meta property=\"og:url\" content=\"https:\/\/sokoro.hu\/en\/prospektus\/\" \/>\n<meta property=\"og:site_name\" content=\"Sokor\u00f3 Kft.\" \/>\n<meta property=\"article:publisher\" content=\"https:\/\/facebook.com\/sokorokft\" \/>\n<meta property=\"article:modified_time\" content=\"2026-04-01T11:43:10+00:00\" \/>\n<meta name=\"twitter:card\" content=\"summary_large_image\" \/>\n<meta name=\"twitter:label1\" content=\"Estimated reading time\" \/>\n\t<meta name=\"twitter:data1\" content=\"1 minute\" \/>\n<script type=\"application\/ld+json\" class=\"yoast-schema-graph\">{\"@context\":\"https:\/\/schema.org\",\"@graph\":[{\"@type\":\"WebPage\",\"@id\":\"https:\/\/sokoro.hu\/prospektus\/\",\"url\":\"https:\/\/sokoro.hu\/prospektus\/\",\"name\":\"Prospektus - Sokor\u00f3 Kft.\",\"isPartOf\":{\"@id\":\"https:\/\/sokoro.hu\/#website\"},\"datePublished\":\"2026-04-01T11:34:22+00:00\",\"dateModified\":\"2026-04-01T11:43:10+00:00\",\"breadcrumb\":{\"@id\":\"https:\/\/sokoro.hu\/prospektus\/#breadcrumb\"},\"inLanguage\":\"en-GB\",\"potentialAction\":[{\"@type\":\"ReadAction\",\"target\":[\"https:\/\/sokoro.hu\/prospektus\/\"]}]},{\"@type\":\"BreadcrumbList\",\"@id\":\"https:\/\/sokoro.hu\/prospektus\/#breadcrumb\",\"itemListElement\":[{\"@type\":\"ListItem\",\"position\":1,\"name\":\"Kezd\u0151lap\",\"item\":\"https:\/\/sokoro.hu\/\"},{\"@type\":\"ListItem\",\"position\":2,\"name\":\"Prospektus\"}]},{\"@type\":\"WebSite\",\"@id\":\"https:\/\/sokoro.hu\/#website\",\"url\":\"https:\/\/sokoro.hu\/\",\"name\":\"Sokor\u00f3 Kft.\",\"description\":\"F\u00e9mipari gy\u00e1rt\u00e1s\",\"publisher\":{\"@id\":\"https:\/\/sokoro.hu\/#organization\"},\"potentialAction\":[{\"@type\":\"SearchAction\",\"target\":{\"@type\":\"EntryPoint\",\"urlTemplate\":\"https:\/\/sokoro.hu\/?s={search_term_string}\"},\"query-input\":{\"@type\":\"PropertyValueSpecification\",\"valueRequired\":true,\"valueName\":\"search_term_string\"}}],\"inLanguage\":\"en-GB\"},{\"@type\":\"Organization\",\"@id\":\"https:\/\/sokoro.hu\/#organization\",\"name\":\"Sokor\u00f3 Kft.\",\"url\":\"https:\/\/sokoro.hu\/\",\"logo\":{\"@type\":\"ImageObject\",\"inLanguage\":\"en-GB\",\"@id\":\"https:\/\/sokoro.hu\/#\/schema\/logo\/image\/\",\"url\":\"https:\/\/sokoro.hu\/wp-content\/uploads\/2024\/01\/Nevtelen-terv-17.png\",\"contentUrl\":\"https:\/\/sokoro.hu\/wp-content\/uploads\/2024\/01\/Nevtelen-terv-17.png\",\"width\":260,\"height\":85,\"caption\":\"Sokor\u00f3 Kft.\"},\"image\":{\"@id\":\"https:\/\/sokoro.hu\/#\/schema\/logo\/image\/\"},\"sameAs\":[\"https:\/\/facebook.com\/sokorokft\"]}]}<\/script>\n<!-- \/ Yoast SEO plugin. -->","yoast_head_json":{"title":"Prospektus - Sokor\u00f3 Kft.","robots":{"index":"index","follow":"follow","max-snippet":"max-snippet:-1","max-image-preview":"max-image-preview:large","max-video-preview":"max-video-preview:-1"},"canonical":"https:\/\/sokoro.hu\/en\/prospektus\/","og_locale":"en_GB","og_type":"article","og_title":"Prospektus - Sokor\u00f3 Kft.","og_url":"https:\/\/sokoro.hu\/en\/prospektus\/","og_site_name":"Sokor\u00f3 Kft.","article_publisher":"https:\/\/facebook.com\/sokorokft","article_modified_time":"2026-04-01T11:43:10+00:00","twitter_card":"summary_large_image","twitter_misc":{"Estimated reading time":"1 minute"},"schema":{"@context":"https:\/\/schema.org","@graph":[{"@type":"WebPage","@id":"https:\/\/sokoro.hu\/prospektus\/","url":"https:\/\/sokoro.hu\/prospektus\/","name":"Prospektus - Sokor\u00f3 Kft.","isPartOf":{"@id":"https:\/\/sokoro.hu\/#website"},"datePublished":"2026-04-01T11:34:22+00:00","dateModified":"2026-04-01T11:43:10+00:00","breadcrumb":{"@id":"https:\/\/sokoro.hu\/prospektus\/#breadcrumb"},"inLanguage":"en-GB","potentialAction":[{"@type":"ReadAction","target":["https:\/\/sokoro.hu\/prospektus\/"]}]},{"@type":"BreadcrumbList","@id":"https:\/\/sokoro.hu\/prospektus\/#breadcrumb","itemListElement":[{"@type":"ListItem","position":1,"name":"Kezd\u0151lap","item":"https:\/\/sokoro.hu\/"},{"@type":"ListItem","position":2,"name":"Prospektus"}]},{"@type":"WebSite","@id":"https:\/\/sokoro.hu\/#website","url":"https:\/\/sokoro.hu\/","name":"Sokor\u00f3 Ltd.","description":"F\u00e9mipari gy\u00e1rt\u00e1s","publisher":{"@id":"https:\/\/sokoro.hu\/#organization"},"potentialAction":[{"@type":"SearchAction","target":{"@type":"EntryPoint","urlTemplate":"https:\/\/sokoro.hu\/?s={search_term_string}"},"query-input":{"@type":"PropertyValueSpecification","valueRequired":true,"valueName":"search_term_string"}}],"inLanguage":"en-GB"},{"@type":"Organization","@id":"https:\/\/sokoro.hu\/#organization","name":"Sokor\u00f3 Ltd.","url":"https:\/\/sokoro.hu\/","logo":{"@type":"ImageObject","inLanguage":"en-GB","@id":"https:\/\/sokoro.hu\/#\/schema\/logo\/image\/","url":"https:\/\/sokoro.hu\/wp-content\/uploads\/2024\/01\/Nevtelen-terv-17.png","contentUrl":"https:\/\/sokoro.hu\/wp-content\/uploads\/2024\/01\/Nevtelen-terv-17.png","width":260,"height":85,"caption":"Sokor\u00f3 Kft."},"image":{"@id":"https:\/\/sokoro.hu\/#\/schema\/logo\/image\/"},"sameAs":["https:\/\/facebook.com\/sokorokft"]}]}},"_links":{"self":[{"href":"https:\/\/sokoro.hu\/en\/wp-json\/wp\/v2\/pages\/8723","targetHints":{"allow":["GET"]}}],"collection":[{"href":"https:\/\/sokoro.hu\/en\/wp-json\/wp\/v2\/pages"}],"about":[{"href":"https:\/\/sokoro.hu\/en\/wp-json\/wp\/v2\/types\/page"}],"author":[{"embeddable":true,"href":"https:\/\/sokoro.hu\/en\/wp-json\/wp\/v2\/users\/1"}],"replies":[{"embeddable":true,"href":"https:\/\/sokoro.hu\/en\/wp-json\/wp\/v2\/comments?post=8723"}],"version-history":[{"count":7,"href":"https:\/\/sokoro.hu\/en\/wp-json\/wp\/v2\/pages\/8723\/revisions"}],"predecessor-version":[{"id":8731,"href":"https:\/\/sokoro.hu\/en\/wp-json\/wp\/v2\/pages\/8723\/revisions\/8731"}],"wp:attachment":[{"href":"https:\/\/sokoro.hu\/en\/wp-json\/wp\/v2\/media?parent=8723"}],"curies":[{"name":"wp","href":"https:\/\/api.w.org\/{rel}","templated":true}]}}