{"id":5645,"date":"2020-02-20T12:12:52","date_gmt":"2020-02-20T12:12:52","guid":{"rendered":"https:\/\/stal.qodeinteractive.com\/?page_id=2591"},"modified":"2024-03-19T20:04:03","modified_gmt":"2024-03-19T20:04:03","slug":"hegesztes","status":"publish","type":"page","link":"https:\/\/sokoro.hu\/en\/hegesztes\/","title":{"rendered":"WELDING"},"content":{"rendered":"\t\t<div data-elementor-type=\"wp-page\" data-elementor-id=\"5645\" class=\"elementor elementor-5645\">\n\t\t\t\t\t\t\t\t\t<section class=\"elementor-section elementor-top-section elementor-element elementor-element-1d07719 qodef-elementor-content-grid elementor-section-boxed elementor-section-height-default elementor-section-height-default\" data-id=\"1d07719\" data-element_type=\"section\">\n\t\t\t\t\t\t<div class=\"elementor-container elementor-column-gap-default\">\n\t\t\t\t\t<div class=\"elementor-column elementor-col-50 elementor-top-column elementor-element elementor-element-25d55c5\" data-id=\"25d55c5\" data-element_type=\"column\">\n\t\t\t<div class=\"elementor-widget-wrap elementor-element-populated\">\n\t\t\t\t\t\t\t\t<div class=\"elementor-element elementor-element-8f89a05 elementor-widget elementor-widget-stal_core_section_title\" data-id=\"8f89a05\" data-element_type=\"widget\" data-widget_type=\"stal_core_section_title.default\">\n\t\t\t\t<div class=\"elementor-widget-container\">\n\t\t\t<div class=\"qodef-shortcode qodef-m  qodef-section-title qodef-alignment--left  qodef-title-with-tagline\">\n\t\t<div class=\"qodef-m-title-wrap\">\n\t        <h6 class=\"qodef-m-title-tagline\" >SOKOR\u00d3<\/h6>\n    \t<h2 class=\"qodef-m-title\" >\n\t\t\t\t\tK\u00c9ZI HEGESZT\u00c9S\t\t\t<\/h2>\n\t\n\t<\/div>\n\t\t<p class=\"qodef-m-text\" style=\"font-size: 19px;line-height: 30px\">A Sokor\u00f3 Kft. er\u0151ss\u00e9ge a k\u00e9zi hegeszt\u00e9s \u2013 f\u0151 profilunk a nagyobb hegesztett szerkezetek gy\u00e1rt\u00e1sa. Partnereink sz\u00e1m\u00e1ra is kiemelten fontos a kiv\u00e1l\u00f3 min\u0151s\u00e9g\u0171 hegeszt\u00e9s, valamint a technol\u00f3giai sz\u00ednvonal folyamatos korszer\u0171s\u00edt\u00e9se. Gy\u00e1runk n\u00e9metorsz\u00e1gi hegeszt\u00e9si tan\u00fas\u00edtv\u00e1nnyal \u00e9s a n\u00e9met tan\u00fas\u00edt\u00f3 c\u00e9g \u00e1ltal vizsg\u00e1ztatott hegeszt\u0151kkel rendelkezik.<\/p>\n<\/div>\t\t<\/div>\n\t\t\t\t<\/div>\n\t\t\t\t<div class=\"elementor-element elementor-element-5a57c95 elementor-widget elementor-widget-stal_core_button\" data-id=\"5a57c95\" data-element_type=\"widget\" data-widget_type=\"stal_core_button.default\">\n\t\t\t\t<div class=\"elementor-widget-container\">\n\t\t\t<a class=\"qodef-shortcode qodef-m  qodef-button qodef-layout--splitted  qodef-html--link\" href=\"https:\/\/sokoro.hu\/kapcsolat\/\" target=\"_blank\"  >\r\n    <span class=\"qodef-m-text\">\r\n        AJ\u00c1NLATK\u00c9R\u00c9S        <svg class=\"qodef-m-arrowline\" xmlns=\"http:\/\/www.w3.org\/2000\/svg\" xmlns:xlink=\"http:\/\/www.w3.org\/1999\/xlink\" x=\"0px\" y=\"0px\" viewBox=\"0 0 63 20\" xml:space=\"preserve\">\n                            <line x1=\"61.6\" y1=\"10\" x2=\"61.6\" y2=\"10\"\/>\n                            <line x1=\"62\" y1=\"10\" x2=\"61.6\" y2=\"10\"\/>\n                            <line x1=\"61.6\" y1=\"10\" x2=\"1\" y2=\"10\"\/>\n                            <path d=\"M61.6,10\"\/>\n                            <line x1=\"61.6\" y1=\"10\" x2=\"61.6\" y2=\"10\"\/>\n                            <line class=\"arrow-up\" x1=\"56.7\" y1=\"5.1\" x2=\"61.6\" y2=\"10\"\/>\n                            <path d=\"M61.6,10\"\/>\n                            <line x1=\"61.6\" y1=\"10\" x2=\"61.6\" y2=\"10\"\/>\n                            <line class=\"arrow-down\" x1=\"61.6\" y1=\"10\" x2=\"56.7\" y2=\"14.9\"\/>\n                        <\/svg>    <\/span>\r\n    <span class=\"qodef-m-split qodef-split--up\"><\/span>\r\n    <span class=\"qodef-m-split qodef-split--down\"><\/span>\r\n<\/a>\r\n\t\t<\/div>\n\t\t\t\t<\/div>\n\t\t\t\t\t<\/div>\n\t\t<\/div>\n\t\t\t\t<div class=\"elementor-column elementor-col-50 elementor-top-column elementor-element elementor-element-cdc7ba9\" data-id=\"cdc7ba9\" data-element_type=\"column\">\n\t\t\t<div class=\"elementor-widget-wrap elementor-element-populated\">\n\t\t\t\t\t\t\t\t<div class=\"elementor-element elementor-element-1f8bf35 elementor-widget elementor-widget-image\" data-id=\"1f8bf35\" data-element_type=\"widget\" data-widget_type=\"image.default\">\n\t\t\t\t<div class=\"elementor-widget-container\">\n\t\t\t<style>\/*! elementor - v3.17.0 - 08-11-2023 *\/\n.elementor-widget-image{text-align:center}.elementor-widget-image a{display:inline-block}.elementor-widget-image a img[src$=\".svg\"]{width:48px}.elementor-widget-image img{vertical-align:middle;display:inline-block}<\/style>\t\t\t\t\t\t\t\t\t\t\t\t<img fetchpriority=\"high\" decoding=\"async\" width=\"1024\" height=\"658\" src=\"https:\/\/sokoro.hu\/wp-content\/uploads\/2023\/12\/DSC07404-e1705091382841-1024x658.jpg\" class=\"attachment-large size-large wp-image-5666\" alt=\"\" srcset=\"https:\/\/sokoro.hu\/wp-content\/uploads\/2023\/12\/DSC07404-e1705091382841-1024x658.jpg 1024w, https:\/\/sokoro.hu\/wp-content\/uploads\/2023\/12\/DSC07404-e1705091382841-600x386.jpg 600w, https:\/\/sokoro.hu\/wp-content\/uploads\/2023\/12\/DSC07404-e1705091382841-300x193.jpg 300w, https:\/\/sokoro.hu\/wp-content\/uploads\/2023\/12\/DSC07404-e1705091382841-768x494.jpg 768w, https:\/\/sokoro.hu\/wp-content\/uploads\/2023\/12\/DSC07404-e1705091382841-1536x987.jpg 1536w, https:\/\/sokoro.hu\/wp-content\/uploads\/2023\/12\/DSC07404-e1705091382841.jpg 1545w\" sizes=\"(max-width: 1024px) 100vw, 1024px\" \/>\t\t\t\t\t\t\t\t\t\t\t\t\t\t\t<\/div>\n\t\t\t\t<\/div>\n\t\t\t\t\t<\/div>\n\t\t<\/div>\n\t\t\t\t\t\t\t<\/div>\n\t\t<\/section>\n\t\t\t\t<section class=\"elementor-section elementor-top-section elementor-element elementor-element-79e412f qodef-elementor-content-grid elementor-section-boxed elementor-section-height-default elementor-section-height-default\" data-id=\"79e412f\" data-element_type=\"section\">\n\t\t\t\t\t\t<div class=\"elementor-container elementor-column-gap-default\">\n\t\t\t\t\t<div class=\"elementor-column elementor-col-50 elementor-top-column elementor-element elementor-element-08dc9c0\" data-id=\"08dc9c0\" data-element_type=\"column\">\n\t\t\t<div class=\"elementor-widget-wrap elementor-element-populated\">\n\t\t\t\t\t\t\t\t<div class=\"elementor-element elementor-element-36cfd48 elementor-widget elementor-widget-stal_core_section_title\" data-id=\"36cfd48\" data-element_type=\"widget\" data-widget_type=\"stal_core_section_title.default\">\n\t\t\t\t<div class=\"elementor-widget-container\">\n\t\t\t<div class=\"qodef-shortcode qodef-m  qodef-section-title qodef-alignment--left  qodef-title-with-tagline\">\n\t\t<div class=\"qodef-m-title-wrap\">\n\t        <h6 class=\"qodef-m-title-tagline\" >SOKOR\u00d3<\/h6>\n    \t<h2 class=\"qodef-m-title\" >\n\t\t\t\t\tROBOT HEGESZT\u00c9S\t\t\t<\/h2>\n\t\n\t<\/div>\n\t\t<p class=\"qodef-m-text\" style=\"font-size: 19px;line-height: 30px\">Nagyobb sz\u00e9ri\u00e1ban, de kisebb m\u00e9retben gy\u00e1rtott alkatr\u00e9szeket Cloos hegeszt\u0151robotokon hegeszt\u00fcnk \u2013 megb\u00edzhat\u00f3 min\u0151s\u00e9gben,  nagy sebess\u00e9ggel.<\/p>\n<\/div>\t\t<\/div>\n\t\t\t\t<\/div>\n\t\t\t\t<div class=\"elementor-element elementor-element-17aea65 elementor-widget elementor-widget-stal_core_button\" data-id=\"17aea65\" data-element_type=\"widget\" data-widget_type=\"stal_core_button.default\">\n\t\t\t\t<div class=\"elementor-widget-container\">\n\t\t\t<a class=\"qodef-shortcode qodef-m  qodef-button qodef-layout--splitted  qodef-html--link\" href=\"https:\/\/sokoro.hu\/kapcsolat\/\" target=\"_blank\"  >\r\n    <span class=\"qodef-m-text\">\r\n        AJ\u00c1NLATK\u00c9R\u00c9S        <svg class=\"qodef-m-arrowline\" xmlns=\"http:\/\/www.w3.org\/2000\/svg\" xmlns:xlink=\"http:\/\/www.w3.org\/1999\/xlink\" x=\"0px\" y=\"0px\" viewBox=\"0 0 63 20\" xml:space=\"preserve\">\n                            <line x1=\"61.6\" y1=\"10\" x2=\"61.6\" y2=\"10\"\/>\n                            <line x1=\"62\" y1=\"10\" x2=\"61.6\" y2=\"10\"\/>\n                            <line x1=\"61.6\" y1=\"10\" x2=\"1\" y2=\"10\"\/>\n                            <path d=\"M61.6,10\"\/>\n                            <line x1=\"61.6\" y1=\"10\" x2=\"61.6\" y2=\"10\"\/>\n                            <line class=\"arrow-up\" x1=\"56.7\" y1=\"5.1\" x2=\"61.6\" y2=\"10\"\/>\n                            <path d=\"M61.6,10\"\/>\n                            <line x1=\"61.6\" y1=\"10\" x2=\"61.6\" y2=\"10\"\/>\n                            <line class=\"arrow-down\" x1=\"61.6\" y1=\"10\" x2=\"56.7\" y2=\"14.9\"\/>\n                        <\/svg>    <\/span>\r\n    <span class=\"qodef-m-split qodef-split--up\"><\/span>\r\n    <span class=\"qodef-m-split qodef-split--down\"><\/span>\r\n<\/a>\r\n\t\t<\/div>\n\t\t\t\t<\/div>\n\t\t\t\t\t<\/div>\n\t\t<\/div>\n\t\t\t\t<div class=\"elementor-column elementor-col-50 elementor-top-column elementor-element elementor-element-d1d93fe\" data-id=\"d1d93fe\" data-element_type=\"column\">\n\t\t\t<div class=\"elementor-widget-wrap elementor-element-populated\">\n\t\t\t\t\t\t\t\t<div class=\"elementor-element elementor-element-fe369e7 elementor-widget elementor-widget-image\" data-id=\"fe369e7\" data-element_type=\"widget\" data-widget_type=\"image.default\">\n\t\t\t\t<div class=\"elementor-widget-container\">\n\t\t\t\t\t\t\t\t\t\t\t\t\t\t\t<img decoding=\"async\" width=\"1024\" height=\"683\" src=\"https:\/\/sokoro.hu\/wp-content\/uploads\/2024\/01\/hegesztorobot4-1-1024x683.jpg\" class=\"attachment-large size-large wp-image-7188\" alt=\"\" srcset=\"https:\/\/sokoro.hu\/wp-content\/uploads\/2024\/01\/hegesztorobot4-1-1024x683.jpg 1024w, https:\/\/sokoro.hu\/wp-content\/uploads\/2024\/01\/hegesztorobot4-1-600x400.jpg 600w, https:\/\/sokoro.hu\/wp-content\/uploads\/2024\/01\/hegesztorobot4-1-300x200.jpg 300w, https:\/\/sokoro.hu\/wp-content\/uploads\/2024\/01\/hegesztorobot4-1-768x512.jpg 768w, https:\/\/sokoro.hu\/wp-content\/uploads\/2024\/01\/hegesztorobot4-1-1536x1025.jpg 1536w, https:\/\/sokoro.hu\/wp-content\/uploads\/2024\/01\/hegesztorobot4-1.jpg 1800w\" sizes=\"(max-width: 1024px) 100vw, 1024px\" \/>\t\t\t\t\t\t\t\t\t\t\t\t\t\t\t<\/div>\n\t\t\t\t<\/div>\n\t\t\t\t\t<\/div>\n\t\t<\/div>\n\t\t\t\t\t\t\t<\/div>\n\t\t<\/section>\n\t\t<div class=\"elementor-element elementor-element-3eb2a70 e-flex e-con-boxed e-con e-parent\" data-id=\"3eb2a70\" data-element_type=\"container\" data-settings=\"{&quot;content_width&quot;:&quot;boxed&quot;}\" data-core-v316-plus=\"true\">\n\t\t\t\t\t<div class=\"e-con-inner\">\n\t\t\t\t<div class=\"elementor-element elementor-element-a952ce0 elementor-widget elementor-widget-spacer\" data-id=\"a952ce0\" data-element_type=\"widget\" data-widget_type=\"spacer.default\">\n\t\t\t\t<div class=\"elementor-widget-container\">\n\t\t\t<style>\/*! elementor - v3.17.0 - 08-11-2023 *\/\n.elementor-column .elementor-spacer-inner{height:var(--spacer-size)}.e-con{--container-widget-width:100%}.e-con-inner>.elementor-widget-spacer,.e-con>.elementor-widget-spacer{width:var(--container-widget-width,var(--spacer-size));--align-self:var(--container-widget-align-self,initial);--flex-shrink:0}.e-con-inner>.elementor-widget-spacer>.elementor-widget-container,.e-con>.elementor-widget-spacer>.elementor-widget-container{height:100%;width:100%}.e-con-inner>.elementor-widget-spacer>.elementor-widget-container>.elementor-spacer,.e-con>.elementor-widget-spacer>.elementor-widget-container>.elementor-spacer{height:100%}.e-con-inner>.elementor-widget-spacer>.elementor-widget-container>.elementor-spacer>.elementor-spacer-inner,.e-con>.elementor-widget-spacer>.elementor-widget-container>.elementor-spacer>.elementor-spacer-inner{height:var(--container-widget-height,var(--spacer-size))}.e-con-inner>.elementor-widget-spacer.elementor-widget-empty,.e-con>.elementor-widget-spacer.elementor-widget-empty{position:relative;min-height:22px;min-width:22px}.e-con-inner>.elementor-widget-spacer.elementor-widget-empty .elementor-widget-empty-icon,.e-con>.elementor-widget-spacer.elementor-widget-empty .elementor-widget-empty-icon{position:absolute;top:0;bottom:0;left:0;right:0;margin:auto;padding:0;width:22px;height:22px}<\/style>\t\t<div class=\"elementor-spacer\">\n\t\t\t<div class=\"elementor-spacer-inner\"><\/div>\n\t\t<\/div>\n\t\t\t\t<\/div>\n\t\t\t\t<\/div>\n\t\t\t\t\t<\/div>\n\t\t\t\t<\/div>\n\t\t\t\t\t\t\t<\/div>\n\t\t","protected":false},"excerpt":{"rendered":"<p>SOKOR\u00d3 K\u00c9ZI HEGESZT\u00c9S A Sokor\u00f3 Kft. er\u0151ss\u00e9ge a k\u00e9zi hegeszt\u00e9s \u2013 f\u0151 profilunk a nagyobb hegesztett szerkezetek gy\u00e1rt\u00e1sa. Partnereink sz\u00e1m\u00e1ra is kiemelten fontos a kiv\u00e1l\u00f3 min\u0151s\u00e9g\u0171 hegeszt\u00e9s, valamint a technol\u00f3giai sz\u00ednvonal folyamatos korszer\u0171s\u00edt\u00e9se. Gy\u00e1runk n\u00e9metorsz\u00e1gi hegeszt\u00e9si tan\u00fas\u00edtv\u00e1nnyal \u00e9s a n\u00e9met tan\u00fas\u00edt\u00f3 c\u00e9g \u00e1ltal vizsg\u00e1ztatott hegeszt\u0151kkel rendelkezik. AJ\u00c1NLATK\u00c9R\u00c9S SOKOR\u00d3 ROBOT HEGESZT\u00c9S Nagyobb sz\u00e9ri\u00e1ban, de kisebb m\u00e9retben [&hellip;]<\/p>\n","protected":false},"author":1,"featured_media":0,"parent":0,"menu_order":0,"comment_status":"closed","ping_status":"closed","template":"page-full-width.php","meta":{"footnotes":""},"class_list":["post-5645","page","type-page","status-publish","hentry"],"yoast_head":"<!-- This site is optimized with the Yoast SEO plugin v27.1.1 - https:\/\/yoast.com\/product\/yoast-seo-wordpress\/ -->\n<title>HEGESZT\u00c9S - Sokor\u00f3 Kft.<\/title>\n<meta name=\"robots\" content=\"index, follow, max-snippet:-1, max-image-preview:large, max-video-preview:-1\" \/>\n<link rel=\"canonical\" href=\"https:\/\/sokoro.hu\/en\/hegesztes\/\" \/>\n<meta property=\"og:locale\" content=\"en_GB\" \/>\n<meta property=\"og:type\" content=\"article\" \/>\n<meta property=\"og:title\" content=\"HEGESZT\u00c9S - Sokor\u00f3 Kft.\" \/>\n<meta property=\"og:description\" content=\"SOKOR\u00d3 K\u00c9ZI HEGESZT\u00c9S A Sokor\u00f3 Kft. er\u0151ss\u00e9ge a k\u00e9zi hegeszt\u00e9s \u2013 f\u0151 profilunk a nagyobb hegesztett szerkezetek gy\u00e1rt\u00e1sa. Partnereink sz\u00e1m\u00e1ra is kiemelten fontos a kiv\u00e1l\u00f3 min\u0151s\u00e9g\u0171 hegeszt\u00e9s, valamint a technol\u00f3giai sz\u00ednvonal folyamatos korszer\u0171s\u00edt\u00e9se. Gy\u00e1runk n\u00e9metorsz\u00e1gi hegeszt\u00e9si tan\u00fas\u00edtv\u00e1nnyal \u00e9s a n\u00e9met tan\u00fas\u00edt\u00f3 c\u00e9g \u00e1ltal vizsg\u00e1ztatott hegeszt\u0151kkel rendelkezik. AJ\u00c1NLATK\u00c9R\u00c9S SOKOR\u00d3 ROBOT HEGESZT\u00c9S Nagyobb sz\u00e9ri\u00e1ban, de kisebb m\u00e9retben [&hellip;]\" \/>\n<meta property=\"og:url\" content=\"https:\/\/sokoro.hu\/en\/hegesztes\/\" \/>\n<meta property=\"og:site_name\" content=\"Sokor\u00f3 Kft.\" \/>\n<meta property=\"article:publisher\" content=\"https:\/\/facebook.com\/sokorokft\" \/>\n<meta property=\"article:modified_time\" content=\"2024-03-19T20:04:03+00:00\" \/>\n<meta property=\"og:image\" content=\"https:\/\/sokoro.hu\/wp-content\/uploads\/2023\/12\/DSC07404-e1705091382841-1024x658.jpg\" \/>\n<meta name=\"twitter:card\" content=\"summary_large_image\" \/>\n<meta name=\"twitter:label1\" content=\"Estimated reading time\" \/>\n\t<meta name=\"twitter:data1\" content=\"1 minute\" \/>\n<script type=\"application\/ld+json\" class=\"yoast-schema-graph\">{\"@context\":\"https:\/\/schema.org\",\"@graph\":[{\"@type\":\"WebPage\",\"@id\":\"https:\/\/sokoro.hu\/hegesztes\/\",\"url\":\"https:\/\/sokoro.hu\/hegesztes\/\",\"name\":\"HEGESZT\u00c9S - Sokor\u00f3 Kft.\",\"isPartOf\":{\"@id\":\"https:\/\/sokoro.hu\/#website\"},\"primaryImageOfPage\":{\"@id\":\"https:\/\/sokoro.hu\/hegesztes\/#primaryimage\"},\"image\":{\"@id\":\"https:\/\/sokoro.hu\/hegesztes\/#primaryimage\"},\"thumbnailUrl\":\"https:\/\/sokoro.hu\/wp-content\/uploads\/2023\/12\/DSC07404-e1705091382841-1024x658.jpg\",\"datePublished\":\"2020-02-20T12:12:52+00:00\",\"dateModified\":\"2024-03-19T20:04:03+00:00\",\"breadcrumb\":{\"@id\":\"https:\/\/sokoro.hu\/hegesztes\/#breadcrumb\"},\"inLanguage\":\"en-GB\",\"potentialAction\":[{\"@type\":\"ReadAction\",\"target\":[\"https:\/\/sokoro.hu\/hegesztes\/\"]}]},{\"@type\":\"ImageObject\",\"inLanguage\":\"en-GB\",\"@id\":\"https:\/\/sokoro.hu\/hegesztes\/#primaryimage\",\"url\":\"https:\/\/sokoro.hu\/wp-content\/uploads\/2023\/12\/DSC07404-e1705091382841-1024x658.jpg\",\"contentUrl\":\"https:\/\/sokoro.hu\/wp-content\/uploads\/2023\/12\/DSC07404-e1705091382841-1024x658.jpg\"},{\"@type\":\"BreadcrumbList\",\"@id\":\"https:\/\/sokoro.hu\/hegesztes\/#breadcrumb\",\"itemListElement\":[{\"@type\":\"ListItem\",\"position\":1,\"name\":\"Kezd\u0151lap\",\"item\":\"https:\/\/sokoro.hu\/\"},{\"@type\":\"ListItem\",\"position\":2,\"name\":\"HEGESZT\u00c9S\"}]},{\"@type\":\"WebSite\",\"@id\":\"https:\/\/sokoro.hu\/#website\",\"url\":\"https:\/\/sokoro.hu\/\",\"name\":\"Sokor\u00f3 Kft.\",\"description\":\"F\u00e9mipari gy\u00e1rt\u00e1s\",\"publisher\":{\"@id\":\"https:\/\/sokoro.hu\/#organization\"},\"potentialAction\":[{\"@type\":\"SearchAction\",\"target\":{\"@type\":\"EntryPoint\",\"urlTemplate\":\"https:\/\/sokoro.hu\/?s={search_term_string}\"},\"query-input\":{\"@type\":\"PropertyValueSpecification\",\"valueRequired\":true,\"valueName\":\"search_term_string\"}}],\"inLanguage\":\"en-GB\"},{\"@type\":\"Organization\",\"@id\":\"https:\/\/sokoro.hu\/#organization\",\"name\":\"Sokor\u00f3 Kft.\",\"url\":\"https:\/\/sokoro.hu\/\",\"logo\":{\"@type\":\"ImageObject\",\"inLanguage\":\"en-GB\",\"@id\":\"https:\/\/sokoro.hu\/#\/schema\/logo\/image\/\",\"url\":\"https:\/\/sokoro.hu\/wp-content\/uploads\/2024\/01\/Nevtelen-terv-17.png\",\"contentUrl\":\"https:\/\/sokoro.hu\/wp-content\/uploads\/2024\/01\/Nevtelen-terv-17.png\",\"width\":260,\"height\":85,\"caption\":\"Sokor\u00f3 Kft.\"},\"image\":{\"@id\":\"https:\/\/sokoro.hu\/#\/schema\/logo\/image\/\"},\"sameAs\":[\"https:\/\/facebook.com\/sokorokft\"]}]}<\/script>\n<!-- \/ Yoast SEO plugin. -->","yoast_head_json":{"title":"HEGESZT\u00c9S - Sokor\u00f3 Kft.","robots":{"index":"index","follow":"follow","max-snippet":"max-snippet:-1","max-image-preview":"max-image-preview:large","max-video-preview":"max-video-preview:-1"},"canonical":"https:\/\/sokoro.hu\/en\/hegesztes\/","og_locale":"en_GB","og_type":"article","og_title":"HEGESZT\u00c9S - Sokor\u00f3 Kft.","og_description":"SOKOR\u00d3 K\u00c9ZI HEGESZT\u00c9S A Sokor\u00f3 Kft. er\u0151ss\u00e9ge a k\u00e9zi hegeszt\u00e9s \u2013 f\u0151 profilunk a nagyobb hegesztett szerkezetek gy\u00e1rt\u00e1sa. Partnereink sz\u00e1m\u00e1ra is kiemelten fontos a kiv\u00e1l\u00f3 min\u0151s\u00e9g\u0171 hegeszt\u00e9s, valamint a technol\u00f3giai sz\u00ednvonal folyamatos korszer\u0171s\u00edt\u00e9se. Gy\u00e1runk n\u00e9metorsz\u00e1gi hegeszt\u00e9si tan\u00fas\u00edtv\u00e1nnyal \u00e9s a n\u00e9met tan\u00fas\u00edt\u00f3 c\u00e9g \u00e1ltal vizsg\u00e1ztatott hegeszt\u0151kkel rendelkezik. AJ\u00c1NLATK\u00c9R\u00c9S SOKOR\u00d3 ROBOT HEGESZT\u00c9S Nagyobb sz\u00e9ri\u00e1ban, de kisebb m\u00e9retben [&hellip;]","og_url":"https:\/\/sokoro.hu\/en\/hegesztes\/","og_site_name":"Sokor\u00f3 Kft.","article_publisher":"https:\/\/facebook.com\/sokorokft","article_modified_time":"2024-03-19T20:04:03+00:00","og_image":[{"url":"https:\/\/sokoro.hu\/wp-content\/uploads\/2023\/12\/DSC07404-e1705091382841-1024x658.jpg","type":"","width":"","height":""}],"twitter_card":"summary_large_image","twitter_misc":{"Estimated reading time":"1 minute"},"schema":{"@context":"https:\/\/schema.org","@graph":[{"@type":"WebPage","@id":"https:\/\/sokoro.hu\/hegesztes\/","url":"https:\/\/sokoro.hu\/hegesztes\/","name":"HEGESZT\u00c9S - Sokor\u00f3 Kft.","isPartOf":{"@id":"https:\/\/sokoro.hu\/#website"},"primaryImageOfPage":{"@id":"https:\/\/sokoro.hu\/hegesztes\/#primaryimage"},"image":{"@id":"https:\/\/sokoro.hu\/hegesztes\/#primaryimage"},"thumbnailUrl":"https:\/\/sokoro.hu\/wp-content\/uploads\/2023\/12\/DSC07404-e1705091382841-1024x658.jpg","datePublished":"2020-02-20T12:12:52+00:00","dateModified":"2024-03-19T20:04:03+00:00","breadcrumb":{"@id":"https:\/\/sokoro.hu\/hegesztes\/#breadcrumb"},"inLanguage":"en-GB","potentialAction":[{"@type":"ReadAction","target":["https:\/\/sokoro.hu\/hegesztes\/"]}]},{"@type":"ImageObject","inLanguage":"en-GB","@id":"https:\/\/sokoro.hu\/hegesztes\/#primaryimage","url":"https:\/\/sokoro.hu\/wp-content\/uploads\/2023\/12\/DSC07404-e1705091382841-1024x658.jpg","contentUrl":"https:\/\/sokoro.hu\/wp-content\/uploads\/2023\/12\/DSC07404-e1705091382841-1024x658.jpg"},{"@type":"BreadcrumbList","@id":"https:\/\/sokoro.hu\/hegesztes\/#breadcrumb","itemListElement":[{"@type":"ListItem","position":1,"name":"Kezd\u0151lap","item":"https:\/\/sokoro.hu\/"},{"@type":"ListItem","position":2,"name":"HEGESZT\u00c9S"}]},{"@type":"WebSite","@id":"https:\/\/sokoro.hu\/#website","url":"https:\/\/sokoro.hu\/","name":"Sokor\u00f3 Ltd.","description":"F\u00e9mipari gy\u00e1rt\u00e1s","publisher":{"@id":"https:\/\/sokoro.hu\/#organization"},"potentialAction":[{"@type":"SearchAction","target":{"@type":"EntryPoint","urlTemplate":"https:\/\/sokoro.hu\/?s={search_term_string}"},"query-input":{"@type":"PropertyValueSpecification","valueRequired":true,"valueName":"search_term_string"}}],"inLanguage":"en-GB"},{"@type":"Organization","@id":"https:\/\/sokoro.hu\/#organization","name":"Sokor\u00f3 Ltd.","url":"https:\/\/sokoro.hu\/","logo":{"@type":"ImageObject","inLanguage":"en-GB","@id":"https:\/\/sokoro.hu\/#\/schema\/logo\/image\/","url":"https:\/\/sokoro.hu\/wp-content\/uploads\/2024\/01\/Nevtelen-terv-17.png","contentUrl":"https:\/\/sokoro.hu\/wp-content\/uploads\/2024\/01\/Nevtelen-terv-17.png","width":260,"height":85,"caption":"Sokor\u00f3 Kft."},"image":{"@id":"https:\/\/sokoro.hu\/#\/schema\/logo\/image\/"},"sameAs":["https:\/\/facebook.com\/sokorokft"]}]}},"_links":{"self":[{"href":"https:\/\/sokoro.hu\/en\/wp-json\/wp\/v2\/pages\/5645","targetHints":{"allow":["GET"]}}],"collection":[{"href":"https:\/\/sokoro.hu\/en\/wp-json\/wp\/v2\/pages"}],"about":[{"href":"https:\/\/sokoro.hu\/en\/wp-json\/wp\/v2\/types\/page"}],"author":[{"embeddable":true,"href":"https:\/\/sokoro.hu\/en\/wp-json\/wp\/v2\/users\/1"}],"replies":[{"embeddable":true,"href":"https:\/\/sokoro.hu\/en\/wp-json\/wp\/v2\/comments?post=5645"}],"version-history":[{"count":25,"href":"https:\/\/sokoro.hu\/en\/wp-json\/wp\/v2\/pages\/5645\/revisions"}],"predecessor-version":[{"id":8440,"href":"https:\/\/sokoro.hu\/en\/wp-json\/wp\/v2\/pages\/5645\/revisions\/8440"}],"wp:attachment":[{"href":"https:\/\/sokoro.hu\/en\/wp-json\/wp\/v2\/media?parent=5645"}],"curies":[{"name":"wp","href":"https:\/\/api.w.org\/{rel}","templated":true}]}}