{"id":6586,"date":"2020-02-20T14:30:35","date_gmt":"2020-02-20T14:30:35","guid":{"rendered":"https:\/\/stal.qodeinteractive.com\/?page_id=2673"},"modified":"2024-10-22T18:20:44","modified_gmt":"2024-10-22T18:20:44","slug":"palyazatok","status":"publish","type":"page","link":"https:\/\/sokoro.hu\/de\/palyazatok\/","title":{"rendered":"Bewerbungen"},"content":{"rendered":"<div data-elementor-type=\"wp-page\" data-elementor-id=\"6586\" class=\"elementor elementor-6586\">\n\t\t\t\t\t\t\t\t\t\t\t\t<\/div>","protected":false},"excerpt":{"rendered":"<p>SOKOR\u00d3 P\u00e1ly\u00e1zatok Komplex technol\u00f3giai fejleszt\u00e9s \u00e9s foglalkoztat\u00e1s t\u00e1mogat\u00e1sa &#8211; GOP-2.1.3-11-2012-0013 2012-ben a SOKOR\u00d3 Kft.-nek az \u00daj Sz\u00e9chenyi Terv Gazdas\u00e1gfejleszt\u00e9si Operat\u00edv Program t\u00e1mogat\u00e1si rendszer\u00e9hez beny\u00fajtott \u201eFejleszt\u00e9ssel a j\u00f6v\u0151\u00e9rt Ingatlanberuh\u00e1z\u00e1ssal \u00e9s eszk\u00f6zbeszerz\u00e9ssel \u00f6sszef\u00fcgg\u0151 technol\u00f3giai fejleszt\u00e9s, munkahelyteremt\u00e9s a Sokor\u00f3 Kft-n\u00e9l\u201d c\u00edm\u0171, GOP-2.1.3-11-2012-0013 jel\u0171 p\u00e1ly\u00e1zat\u00e1t a Gazdas\u00e1gfejleszt\u00e9si Operat\u00edv Program Ir\u00e1ny\u00edt\u00f3 Hat\u00f3s\u00e1g vezet\u0151je t\u00e1mogat\u00e1sra \u00e9rdemesnek \u00edt\u00e9lte. A projekt keret\u00e9ben \u00faj, [&hellip;]<\/p>\n","protected":false},"author":1,"featured_media":0,"parent":0,"menu_order":0,"comment_status":"closed","ping_status":"closed","template":"page-full-width.php","meta":{"footnotes":""},"class_list":["post-6586","page","type-page","status-publish","hentry"],"yoast_head":"<!-- This site is optimized with the Yoast SEO plugin v27.1.1 - https:\/\/yoast.com\/product\/yoast-seo-wordpress\/ -->\n<title>P\u00e1ly\u00e1zatok - Sokor\u00f3 Kft.<\/title>\n<meta name=\"robots\" content=\"index, follow, max-snippet:-1, max-image-preview:large, max-video-preview:-1\" \/>\n<link rel=\"canonical\" href=\"https:\/\/sokoro.hu\/de\/palyazatok\/\" \/>\n<meta property=\"og:locale\" content=\"de_DE\" \/>\n<meta property=\"og:type\" content=\"article\" \/>\n<meta property=\"og:title\" content=\"P\u00e1ly\u00e1zatok - Sokor\u00f3 Kft.\" \/>\n<meta property=\"og:description\" content=\"SOKOR\u00d3 P\u00e1ly\u00e1zatok Komplex technol\u00f3giai fejleszt\u00e9s \u00e9s foglalkoztat\u00e1s t\u00e1mogat\u00e1sa &#8211; GOP-2.1.3-11-2012-0013 2012-ben a SOKOR\u00d3 Kft.-nek az \u00daj Sz\u00e9chenyi Terv Gazdas\u00e1gfejleszt\u00e9si Operat\u00edv Program t\u00e1mogat\u00e1si rendszer\u00e9hez beny\u00fajtott \u201eFejleszt\u00e9ssel a j\u00f6v\u0151\u00e9rt Ingatlanberuh\u00e1z\u00e1ssal \u00e9s eszk\u00f6zbeszerz\u00e9ssel \u00f6sszef\u00fcgg\u0151 technol\u00f3giai fejleszt\u00e9s, munkahelyteremt\u00e9s a Sokor\u00f3 Kft-n\u00e9l\u201d c\u00edm\u0171, GOP-2.1.3-11-2012-0013 jel\u0171 p\u00e1ly\u00e1zat\u00e1t a Gazdas\u00e1gfejleszt\u00e9si Operat\u00edv Program Ir\u00e1ny\u00edt\u00f3 Hat\u00f3s\u00e1g vezet\u0151je t\u00e1mogat\u00e1sra \u00e9rdemesnek \u00edt\u00e9lte. A projekt keret\u00e9ben \u00faj, [&hellip;]\" \/>\n<meta property=\"og:url\" content=\"https:\/\/sokoro.hu\/de\/palyazatok\/\" \/>\n<meta property=\"og:site_name\" content=\"Sokor\u00f3 Kft.\" \/>\n<meta property=\"article:publisher\" content=\"https:\/\/facebook.com\/sokorokft\" \/>\n<meta property=\"article:modified_time\" content=\"2024-10-22T18:20:44+00:00\" \/>\n<meta name=\"twitter:card\" content=\"summary_large_image\" \/>\n<meta name=\"twitter:label1\" content=\"Gesch\u00e4tzte Lesezeit\" \/>\n\t<meta name=\"twitter:data1\" content=\"1\u00a0Minute\" \/>\n<script type=\"application\/ld+json\" class=\"yoast-schema-graph\">{\"@context\":\"https:\/\/schema.org\",\"@graph\":[{\"@type\":\"WebPage\",\"@id\":\"https:\/\/sokoro.hu\/palyazatok\/\",\"url\":\"https:\/\/sokoro.hu\/palyazatok\/\",\"name\":\"P\u00e1ly\u00e1zatok - Sokor\u00f3 Kft.\",\"isPartOf\":{\"@id\":\"https:\/\/sokoro.hu\/#website\"},\"datePublished\":\"2020-02-20T14:30:35+00:00\",\"dateModified\":\"2024-10-22T18:20:44+00:00\",\"breadcrumb\":{\"@id\":\"https:\/\/sokoro.hu\/palyazatok\/#breadcrumb\"},\"inLanguage\":\"de\",\"potentialAction\":[{\"@type\":\"ReadAction\",\"target\":[\"https:\/\/sokoro.hu\/palyazatok\/\"]}]},{\"@type\":\"BreadcrumbList\",\"@id\":\"https:\/\/sokoro.hu\/palyazatok\/#breadcrumb\",\"itemListElement\":[{\"@type\":\"ListItem\",\"position\":1,\"name\":\"Kezd\u0151lap\",\"item\":\"https:\/\/sokoro.hu\/\"},{\"@type\":\"ListItem\",\"position\":2,\"name\":\"P\u00e1ly\u00e1zatok\"}]},{\"@type\":\"WebSite\",\"@id\":\"https:\/\/sokoro.hu\/#website\",\"url\":\"https:\/\/sokoro.hu\/\",\"name\":\"Sokor\u00f3 Kft.\",\"description\":\"F\u00e9mipari gy\u00e1rt\u00e1s\",\"publisher\":{\"@id\":\"https:\/\/sokoro.hu\/#organization\"},\"potentialAction\":[{\"@type\":\"SearchAction\",\"target\":{\"@type\":\"EntryPoint\",\"urlTemplate\":\"https:\/\/sokoro.hu\/?s={search_term_string}\"},\"query-input\":{\"@type\":\"PropertyValueSpecification\",\"valueRequired\":true,\"valueName\":\"search_term_string\"}}],\"inLanguage\":\"de\"},{\"@type\":\"Organization\",\"@id\":\"https:\/\/sokoro.hu\/#organization\",\"name\":\"Sokor\u00f3 Kft.\",\"url\":\"https:\/\/sokoro.hu\/\",\"logo\":{\"@type\":\"ImageObject\",\"inLanguage\":\"de\",\"@id\":\"https:\/\/sokoro.hu\/#\/schema\/logo\/image\/\",\"url\":\"https:\/\/sokoro.hu\/wp-content\/uploads\/2024\/01\/Nevtelen-terv-17.png\",\"contentUrl\":\"https:\/\/sokoro.hu\/wp-content\/uploads\/2024\/01\/Nevtelen-terv-17.png\",\"width\":260,\"height\":85,\"caption\":\"Sokor\u00f3 Kft.\"},\"image\":{\"@id\":\"https:\/\/sokoro.hu\/#\/schema\/logo\/image\/\"},\"sameAs\":[\"https:\/\/facebook.com\/sokorokft\"]}]}<\/script>\n<!-- \/ Yoast SEO plugin. -->","yoast_head_json":{"title":"P\u00e1ly\u00e1zatok - Sokor\u00f3 Kft.","robots":{"index":"index","follow":"follow","max-snippet":"max-snippet:-1","max-image-preview":"max-image-preview:large","max-video-preview":"max-video-preview:-1"},"canonical":"https:\/\/sokoro.hu\/de\/palyazatok\/","og_locale":"de_DE","og_type":"article","og_title":"P\u00e1ly\u00e1zatok - Sokor\u00f3 Kft.","og_description":"SOKOR\u00d3 P\u00e1ly\u00e1zatok Komplex technol\u00f3giai fejleszt\u00e9s \u00e9s foglalkoztat\u00e1s t\u00e1mogat\u00e1sa &#8211; GOP-2.1.3-11-2012-0013 2012-ben a SOKOR\u00d3 Kft.-nek az \u00daj Sz\u00e9chenyi Terv Gazdas\u00e1gfejleszt\u00e9si Operat\u00edv Program t\u00e1mogat\u00e1si rendszer\u00e9hez beny\u00fajtott \u201eFejleszt\u00e9ssel a j\u00f6v\u0151\u00e9rt Ingatlanberuh\u00e1z\u00e1ssal \u00e9s eszk\u00f6zbeszerz\u00e9ssel \u00f6sszef\u00fcgg\u0151 technol\u00f3giai fejleszt\u00e9s, munkahelyteremt\u00e9s a Sokor\u00f3 Kft-n\u00e9l\u201d c\u00edm\u0171, GOP-2.1.3-11-2012-0013 jel\u0171 p\u00e1ly\u00e1zat\u00e1t a Gazdas\u00e1gfejleszt\u00e9si Operat\u00edv Program Ir\u00e1ny\u00edt\u00f3 Hat\u00f3s\u00e1g vezet\u0151je t\u00e1mogat\u00e1sra \u00e9rdemesnek \u00edt\u00e9lte. A projekt keret\u00e9ben \u00faj, [&hellip;]","og_url":"https:\/\/sokoro.hu\/de\/palyazatok\/","og_site_name":"Sokor\u00f3 Kft.","article_publisher":"https:\/\/facebook.com\/sokorokft","article_modified_time":"2024-10-22T18:20:44+00:00","twitter_card":"summary_large_image","twitter_misc":{"Gesch\u00e4tzte Lesezeit":"1\u00a0Minute"},"schema":{"@context":"https:\/\/schema.org","@graph":[{"@type":"WebPage","@id":"https:\/\/sokoro.hu\/palyazatok\/","url":"https:\/\/sokoro.hu\/palyazatok\/","name":"P\u00e1ly\u00e1zatok - Sokor\u00f3 Kft.","isPartOf":{"@id":"https:\/\/sokoro.hu\/#website"},"datePublished":"2020-02-20T14:30:35+00:00","dateModified":"2024-10-22T18:20:44+00:00","breadcrumb":{"@id":"https:\/\/sokoro.hu\/palyazatok\/#breadcrumb"},"inLanguage":"de","potentialAction":[{"@type":"ReadAction","target":["https:\/\/sokoro.hu\/palyazatok\/"]}]},{"@type":"BreadcrumbList","@id":"https:\/\/sokoro.hu\/palyazatok\/#breadcrumb","itemListElement":[{"@type":"ListItem","position":1,"name":"Kezd\u0151lap","item":"https:\/\/sokoro.hu\/"},{"@type":"ListItem","position":2,"name":"P\u00e1ly\u00e1zatok"}]},{"@type":"WebSite","@id":"https:\/\/sokoro.hu\/#website","url":"https:\/\/sokoro.hu\/","name":"Sokor\u00f3 GmbH.","description":"F\u00e9mipari gy\u00e1rt\u00e1s","publisher":{"@id":"https:\/\/sokoro.hu\/#organization"},"potentialAction":[{"@type":"SearchAction","target":{"@type":"EntryPoint","urlTemplate":"https:\/\/sokoro.hu\/?s={search_term_string}"},"query-input":{"@type":"PropertyValueSpecification","valueRequired":true,"valueName":"search_term_string"}}],"inLanguage":"de"},{"@type":"Organization","@id":"https:\/\/sokoro.hu\/#organization","name":"Sokor\u00f3 GmbH.","url":"https:\/\/sokoro.hu\/","logo":{"@type":"ImageObject","inLanguage":"de","@id":"https:\/\/sokoro.hu\/#\/schema\/logo\/image\/","url":"https:\/\/sokoro.hu\/wp-content\/uploads\/2024\/01\/Nevtelen-terv-17.png","contentUrl":"https:\/\/sokoro.hu\/wp-content\/uploads\/2024\/01\/Nevtelen-terv-17.png","width":260,"height":85,"caption":"Sokor\u00f3 Kft."},"image":{"@id":"https:\/\/sokoro.hu\/#\/schema\/logo\/image\/"},"sameAs":["https:\/\/facebook.com\/sokorokft"]}]}},"_links":{"self":[{"href":"https:\/\/sokoro.hu\/de\/wp-json\/wp\/v2\/pages\/6586","targetHints":{"allow":["GET"]}}],"collection":[{"href":"https:\/\/sokoro.hu\/de\/wp-json\/wp\/v2\/pages"}],"about":[{"href":"https:\/\/sokoro.hu\/de\/wp-json\/wp\/v2\/types\/page"}],"author":[{"embeddable":true,"href":"https:\/\/sokoro.hu\/de\/wp-json\/wp\/v2\/users\/1"}],"replies":[{"embeddable":true,"href":"https:\/\/sokoro.hu\/de\/wp-json\/wp\/v2\/comments?post=6586"}],"version-history":[{"count":13,"href":"https:\/\/sokoro.hu\/de\/wp-json\/wp\/v2\/pages\/6586\/revisions"}],"predecessor-version":[{"id":8598,"href":"https:\/\/sokoro.hu\/de\/wp-json\/wp\/v2\/pages\/6586\/revisions\/8598"}],"wp:attachment":[{"href":"https:\/\/sokoro.hu\/de\/wp-json\/wp\/v2\/media?parent=6586"}],"curies":[{"name":"wp","href":"https:\/\/api.w.org\/{rel}","templated":true}]}}