{"id":6023,"date":"2024-01-07T15:15:06","date_gmt":"2024-01-07T15:15:06","guid":{"rendered":"https:\/\/sokoro.hu\/?page_id=6023"},"modified":"2024-03-07T11:18:06","modified_gmt":"2024-03-07T11:18:06","slug":"termektabla-02","status":"publish","type":"page","link":"https:\/\/sokoro.hu\/de\/termektabla-02\/","title":{"rendered":"002 Sim\u00edt\u00f3k t\u00e1bla"},"content":{"rendered":"<div data-elementor-type=\"wp-page\" data-elementor-id=\"6023\" class=\"elementor elementor-6023\">\n\t\t\t\t\t\t\t<div class=\"elementor-element elementor-element-6bbd951d e-con-full e-flex e-con e-parent\" data-id=\"6bbd951d\" data-element_type=\"container\" data-settings=\"{&quot;content_width&quot;:&quot;full&quot;}\" data-core-v316-plus=\"true\">\n\t\t\t\t<div class=\"elementor-element elementor-element-5ed56acc elementor-widget__width-initial elementor-widget elementor-widget-Table\" data-id=\"5ed56acc\" data-element_type=\"widget\" data-widget_type=\"Table.default\">\n\t\t\t\t<div class=\"elementor-widget-container\">\n\t\t\t\t\t<table class=\"tafe-table\">\n\t\t\t<thead  class=\"tafe-table-header\">\n\t\t\t\t<tr>\n\t\t\t\t\t<th class=\"elementor-inline-editing elementor-repeater-item-1ccf2bf\"   >Technischen Parametern<\/th><th class=\"elementor-inline-editing elementor-repeater-item-65a92b0\"   >SIMI-520<\/th><th class=\"elementor-inline-editing elementor-repeater-item-55ee90d\"   >SIMI-750<\/th>\t\t\t\t<\/tr>\n\t\t\t<\/thead>\n\t\t\t\t\t\t<tbody class=\"tafe-table-body\">\n\t\t\t\t<tr>\n\t\t\t\t\t<td data-label=\"M\u0171szaki adatok\"   class=\"elementor-repeater-item-d938394 td-content-type-default\" >Transportbreite:<\/td><td data-label=\"SIMI-520\"   class=\"elementor-repeater-item-e7ecb4b td-content-type-default\" >3000 mm<\/td><td data-label=\"SIMI-750\"   class=\"elementor-repeater-item-eb08623 td-content-type-default\" >3000 mm<\/td><\/tr><tr><td data-label=\"M\u0171szaki adatok\"   class=\"elementor-repeater-item-2ce739b td-content-type-default\" >Arbeitsbreite:<\/td><td data-label=\"SIMI-520\"   class=\"elementor-repeater-item-78d8cd7 td-content-type-default\" >5200 mm<\/td><td data-label=\"SIMI-750\"   class=\"elementor-repeater-item-38a8618 td-content-type-default\" >7500 mm<\/td><\/tr><tr><td data-label=\"M\u0171szaki adatok\"   class=\"elementor-repeater-item-18e76db td-content-type-default\" >L\u00e4nge:<\/td><td data-label=\"SIMI-520\"   class=\"elementor-repeater-item-1e90705 td-content-type-default\" >1400 mm<\/td><td data-label=\"SIMI-750\"   class=\"elementor-repeater-item-47b50e8 td-content-type-default\" >1400 mm<\/td><\/tr><tr><td data-label=\"M\u0171szaki adatok\"   class=\"elementor-repeater-item-38baffd td-content-type-default\" >Transporth\u00f6he:<\/td><td data-label=\"SIMI-520\"   class=\"elementor-repeater-item-1c8ff3c td-content-type-default\" >1600 mm<\/td><td data-label=\"SIMI-750\"   class=\"elementor-repeater-item-c67c800 td-content-type-default\" >2750 mm<\/td><\/tr><tr><td data-label=\"M\u0171szaki adatok\"   class=\"elementor-repeater-item-208d48f td-content-type-default\" >Arbeitstiefe:<\/td><td data-label=\"SIMI-520\"   class=\"elementor-repeater-item-ee7e10f td-content-type-default\" >50-200 mm<\/td><td data-label=\"SIMI-750\"   class=\"elementor-repeater-item-ade758b td-content-type-default\" >50-200 mm<\/td><\/tr><tr><td data-label=\"M\u0171szaki adatok\"   class=\"elementor-repeater-item-352140e td-content-type-default\" >Notwendige Leistung in PS:<\/td><td data-label=\"SIMI-520\"   class=\"elementor-repeater-item-9ffb352 td-content-type-default\" >80 PS<\/td><td data-label=\"SIMI-750\"   class=\"elementor-repeater-item-7d9439a td-content-type-default\" >110 PS<\/td><\/tr><tr><td data-label=\"M\u0171szaki adatok\"   class=\"elementor-repeater-item-289dd99 td-content-type-default\" >Notwendige Leistung in kW:<\/td><td data-label=\"SIMI-520\"   class=\"elementor-repeater-item-af5921f td-content-type-default\" >59 kW<\/td><td data-label=\"SIMI-750\"   class=\"elementor-repeater-item-ee277ad td-content-type-default\" >80 kW<\/td><\/tr><tr><td data-label=\"M\u0171szaki adatok\"   class=\"elementor-repeater-item-789e7e7 td-content-type-default\" >Fl\u00e4chenleistung:<\/td><td data-label=\"SIMI-520\"   class=\"elementor-repeater-item-ec2d534 td-content-type-default\" >4-6 ha\/h<\/td><td data-label=\"SIMI-750\"   class=\"elementor-repeater-item-4688cba td-content-type-default\" >4-6 ha\/h<\/td><\/tr><tr><td data-label=\"M\u0171szaki adatok\"   class=\"elementor-repeater-item-1010c58 td-content-type-default\" >Druck des Hydrauliksystems:<\/td><td data-label=\"SIMI-520\"   class=\"elementor-repeater-item-75e0073 td-content-type-default\" >min. 120 bar<\/td><td data-label=\"SIMI-750\"   class=\"elementor-repeater-item-318f3ca td-content-type-default\" >min. 120 bar<\/td><\/tr><tr><td data-label=\"M\u0171szaki adatok\"   class=\"elementor-repeater-item-a6f7930 td-content-type-default\" >Gewicht: <\/td><td data-label=\"SIMI-520\"   class=\"elementor-repeater-item-d02e1ac td-content-type-default\" >610 kg<\/td><td data-label=\"SIMI-750\"   class=\"elementor-repeater-item-a389d11 td-content-type-default\" >800 kg<\/td>\t\t\t\t<\/tr>\n\t\t\t<\/tbody>\n\t\t<\/table>\n\t\t\n\t\t\t\t<\/div>\n\t\t\t\t<\/div>\n\t\t\t\t<\/div>\n\t\t\t\t\t\t\t<\/div>","protected":false},"excerpt":{"rendered":"<p>M\u0171szaki adatok SIMI-520 SIMI-750 Sz\u00e1ll\u00edt\u00e1si sz\u00e9less\u00e9g: 3000 mm 3000 mm Munkasz\u00e9less\u00e9g: 5200 mm 7500 mm Hossz\u00fas\u00e1g: 1400 mm 1400 mm Sz\u00e1ll\u00edt\u00e1si magass\u00e1g: 1600 mm 2750 mm Munkam\u00e9lys\u00e9g: 50-200 mm 50-200 mm Vontat\u00e1si teljes\u00edtm\u00e9ny ig\u00e9ny LE-ben: 80 LE 110 LE Vontat\u00e1si teljes\u00edtm\u00e9ny ig\u00e9ny kW-ban: 59 kW 80 kW Ter\u00fclet teljes\u00edtm\u00e9ny: 4-6 ha\/h 4-6 ha\/h Hidraulikarendszer nyom\u00e1sa: [&hellip;]<\/p>\n","protected":false},"author":1,"featured_media":0,"parent":0,"menu_order":0,"comment_status":"closed","ping_status":"closed","template":"","meta":{"footnotes":""},"class_list":["post-6023","page","type-page","status-publish","hentry"],"yoast_head":"<!-- This site is optimized with the Yoast SEO plugin v27.1.1 - https:\/\/yoast.com\/product\/yoast-seo-wordpress\/ -->\n<title>002 Sim\u00edt\u00f3k t\u00e1bla - Sokor\u00f3 Kft.<\/title>\n<meta name=\"robots\" content=\"index, follow, max-snippet:-1, max-image-preview:large, max-video-preview:-1\" \/>\n<link rel=\"canonical\" href=\"https:\/\/sokoro.hu\/de\/termektabla-02\/\" \/>\n<meta property=\"og:locale\" content=\"de_DE\" \/>\n<meta property=\"og:type\" content=\"article\" \/>\n<meta property=\"og:title\" content=\"002 Sim\u00edt\u00f3k t\u00e1bla - Sokor\u00f3 Kft.\" \/>\n<meta property=\"og:description\" content=\"M\u0171szaki adatok SIMI-520 SIMI-750 Sz\u00e1ll\u00edt\u00e1si sz\u00e9less\u00e9g: 3000 mm 3000 mm Munkasz\u00e9less\u00e9g: 5200 mm 7500 mm Hossz\u00fas\u00e1g: 1400 mm 1400 mm Sz\u00e1ll\u00edt\u00e1si magass\u00e1g: 1600 mm 2750 mm Munkam\u00e9lys\u00e9g: 50-200 mm 50-200 mm Vontat\u00e1si teljes\u00edtm\u00e9ny ig\u00e9ny LE-ben: 80 LE 110 LE Vontat\u00e1si teljes\u00edtm\u00e9ny ig\u00e9ny kW-ban: 59 kW 80 kW Ter\u00fclet teljes\u00edtm\u00e9ny: 4-6 ha\/h 4-6 ha\/h Hidraulikarendszer nyom\u00e1sa: [&hellip;]\" \/>\n<meta property=\"og:url\" content=\"https:\/\/sokoro.hu\/de\/termektabla-02\/\" \/>\n<meta property=\"og:site_name\" content=\"Sokor\u00f3 Kft.\" \/>\n<meta property=\"article:publisher\" content=\"https:\/\/facebook.com\/sokorokft\" \/>\n<meta property=\"article:modified_time\" content=\"2024-03-07T11:18:06+00:00\" \/>\n<meta name=\"twitter:card\" content=\"summary_large_image\" \/>\n<script type=\"application\/ld+json\" class=\"yoast-schema-graph\">{\"@context\":\"https:\/\/schema.org\",\"@graph\":[{\"@type\":\"WebPage\",\"@id\":\"https:\/\/sokoro.hu\/termektabla-02\/\",\"url\":\"https:\/\/sokoro.hu\/termektabla-02\/\",\"name\":\"002 Sim\u00edt\u00f3k t\u00e1bla - Sokor\u00f3 Kft.\",\"isPartOf\":{\"@id\":\"https:\/\/sokoro.hu\/#website\"},\"datePublished\":\"2024-01-07T15:15:06+00:00\",\"dateModified\":\"2024-03-07T11:18:06+00:00\",\"breadcrumb\":{\"@id\":\"https:\/\/sokoro.hu\/termektabla-02\/#breadcrumb\"},\"inLanguage\":\"de\",\"potentialAction\":[{\"@type\":\"ReadAction\",\"target\":[\"https:\/\/sokoro.hu\/termektabla-02\/\"]}]},{\"@type\":\"BreadcrumbList\",\"@id\":\"https:\/\/sokoro.hu\/termektabla-02\/#breadcrumb\",\"itemListElement\":[{\"@type\":\"ListItem\",\"position\":1,\"name\":\"Kezd\u0151lap\",\"item\":\"https:\/\/sokoro.hu\/\"},{\"@type\":\"ListItem\",\"position\":2,\"name\":\"002 Sim\u00edt\u00f3k t\u00e1bla\"}]},{\"@type\":\"WebSite\",\"@id\":\"https:\/\/sokoro.hu\/#website\",\"url\":\"https:\/\/sokoro.hu\/\",\"name\":\"Sokor\u00f3 Kft.\",\"description\":\"F\u00e9mipari gy\u00e1rt\u00e1s\",\"publisher\":{\"@id\":\"https:\/\/sokoro.hu\/#organization\"},\"potentialAction\":[{\"@type\":\"SearchAction\",\"target\":{\"@type\":\"EntryPoint\",\"urlTemplate\":\"https:\/\/sokoro.hu\/?s={search_term_string}\"},\"query-input\":{\"@type\":\"PropertyValueSpecification\",\"valueRequired\":true,\"valueName\":\"search_term_string\"}}],\"inLanguage\":\"de\"},{\"@type\":\"Organization\",\"@id\":\"https:\/\/sokoro.hu\/#organization\",\"name\":\"Sokor\u00f3 Kft.\",\"url\":\"https:\/\/sokoro.hu\/\",\"logo\":{\"@type\":\"ImageObject\",\"inLanguage\":\"de\",\"@id\":\"https:\/\/sokoro.hu\/#\/schema\/logo\/image\/\",\"url\":\"https:\/\/sokoro.hu\/wp-content\/uploads\/2024\/01\/Nevtelen-terv-17.png\",\"contentUrl\":\"https:\/\/sokoro.hu\/wp-content\/uploads\/2024\/01\/Nevtelen-terv-17.png\",\"width\":260,\"height\":85,\"caption\":\"Sokor\u00f3 Kft.\"},\"image\":{\"@id\":\"https:\/\/sokoro.hu\/#\/schema\/logo\/image\/\"},\"sameAs\":[\"https:\/\/facebook.com\/sokorokft\"]}]}<\/script>\n<!-- \/ Yoast SEO plugin. -->","yoast_head_json":{"title":"002 Sim\u00edt\u00f3k t\u00e1bla - Sokor\u00f3 Kft.","robots":{"index":"index","follow":"follow","max-snippet":"max-snippet:-1","max-image-preview":"max-image-preview:large","max-video-preview":"max-video-preview:-1"},"canonical":"https:\/\/sokoro.hu\/de\/termektabla-02\/","og_locale":"de_DE","og_type":"article","og_title":"002 Sim\u00edt\u00f3k t\u00e1bla - Sokor\u00f3 Kft.","og_description":"M\u0171szaki adatok SIMI-520 SIMI-750 Sz\u00e1ll\u00edt\u00e1si sz\u00e9less\u00e9g: 3000 mm 3000 mm Munkasz\u00e9less\u00e9g: 5200 mm 7500 mm Hossz\u00fas\u00e1g: 1400 mm 1400 mm Sz\u00e1ll\u00edt\u00e1si magass\u00e1g: 1600 mm 2750 mm Munkam\u00e9lys\u00e9g: 50-200 mm 50-200 mm Vontat\u00e1si teljes\u00edtm\u00e9ny ig\u00e9ny LE-ben: 80 LE 110 LE Vontat\u00e1si teljes\u00edtm\u00e9ny ig\u00e9ny kW-ban: 59 kW 80 kW Ter\u00fclet teljes\u00edtm\u00e9ny: 4-6 ha\/h 4-6 ha\/h Hidraulikarendszer nyom\u00e1sa: [&hellip;]","og_url":"https:\/\/sokoro.hu\/de\/termektabla-02\/","og_site_name":"Sokor\u00f3 Kft.","article_publisher":"https:\/\/facebook.com\/sokorokft","article_modified_time":"2024-03-07T11:18:06+00:00","twitter_card":"summary_large_image","schema":{"@context":"https:\/\/schema.org","@graph":[{"@type":"WebPage","@id":"https:\/\/sokoro.hu\/termektabla-02\/","url":"https:\/\/sokoro.hu\/termektabla-02\/","name":"002 Sim\u00edt\u00f3k t\u00e1bla - Sokor\u00f3 Kft.","isPartOf":{"@id":"https:\/\/sokoro.hu\/#website"},"datePublished":"2024-01-07T15:15:06+00:00","dateModified":"2024-03-07T11:18:06+00:00","breadcrumb":{"@id":"https:\/\/sokoro.hu\/termektabla-02\/#breadcrumb"},"inLanguage":"de","potentialAction":[{"@type":"ReadAction","target":["https:\/\/sokoro.hu\/termektabla-02\/"]}]},{"@type":"BreadcrumbList","@id":"https:\/\/sokoro.hu\/termektabla-02\/#breadcrumb","itemListElement":[{"@type":"ListItem","position":1,"name":"Kezd\u0151lap","item":"https:\/\/sokoro.hu\/"},{"@type":"ListItem","position":2,"name":"002 Sim\u00edt\u00f3k t\u00e1bla"}]},{"@type":"WebSite","@id":"https:\/\/sokoro.hu\/#website","url":"https:\/\/sokoro.hu\/","name":"Sokor\u00f3 GmbH.","description":"F\u00e9mipari gy\u00e1rt\u00e1s","publisher":{"@id":"https:\/\/sokoro.hu\/#organization"},"potentialAction":[{"@type":"SearchAction","target":{"@type":"EntryPoint","urlTemplate":"https:\/\/sokoro.hu\/?s={search_term_string}"},"query-input":{"@type":"PropertyValueSpecification","valueRequired":true,"valueName":"search_term_string"}}],"inLanguage":"de"},{"@type":"Organization","@id":"https:\/\/sokoro.hu\/#organization","name":"Sokor\u00f3 GmbH.","url":"https:\/\/sokoro.hu\/","logo":{"@type":"ImageObject","inLanguage":"de","@id":"https:\/\/sokoro.hu\/#\/schema\/logo\/image\/","url":"https:\/\/sokoro.hu\/wp-content\/uploads\/2024\/01\/Nevtelen-terv-17.png","contentUrl":"https:\/\/sokoro.hu\/wp-content\/uploads\/2024\/01\/Nevtelen-terv-17.png","width":260,"height":85,"caption":"Sokor\u00f3 Kft."},"image":{"@id":"https:\/\/sokoro.hu\/#\/schema\/logo\/image\/"},"sameAs":["https:\/\/facebook.com\/sokorokft"]}]}},"_links":{"self":[{"href":"https:\/\/sokoro.hu\/de\/wp-json\/wp\/v2\/pages\/6023","targetHints":{"allow":["GET"]}}],"collection":[{"href":"https:\/\/sokoro.hu\/de\/wp-json\/wp\/v2\/pages"}],"about":[{"href":"https:\/\/sokoro.hu\/de\/wp-json\/wp\/v2\/types\/page"}],"author":[{"embeddable":true,"href":"https:\/\/sokoro.hu\/de\/wp-json\/wp\/v2\/users\/1"}],"replies":[{"embeddable":true,"href":"https:\/\/sokoro.hu\/de\/wp-json\/wp\/v2\/comments?post=6023"}],"version-history":[{"count":13,"href":"https:\/\/sokoro.hu\/de\/wp-json\/wp\/v2\/pages\/6023\/revisions"}],"predecessor-version":[{"id":8117,"href":"https:\/\/sokoro.hu\/de\/wp-json\/wp\/v2\/pages\/6023\/revisions\/8117"}],"wp:attachment":[{"href":"https:\/\/sokoro.hu\/de\/wp-json\/wp\/v2\/media?parent=6023"}],"curies":[{"name":"wp","href":"https:\/\/api.w.org\/{rel}","templated":true}]}}