{"id":5868,"date":"2024-01-05T18:26:25","date_gmt":"2024-01-05T18:26:25","guid":{"rendered":"https:\/\/sokoro.hu\/kosar\/"},"modified":"2024-01-05T18:26:25","modified_gmt":"2024-01-05T18:26:25","slug":"kosar","status":"publish","type":"page","link":"https:\/\/sokoro.hu\/de\/kosar\/","title":{"rendered":"Kos\u00e1r"},"content":{"rendered":"<div data-block-name=\"woocommerce\/cart\" class=\"wp-block-woocommerce-cart alignwide is-loading\"><div data-block-name=\"woocommerce\/filled-cart-block\" class=\"wp-block-woocommerce-filled-cart-block\"><div data-block-name=\"woocommerce\/cart-items-block\" class=\"wp-block-woocommerce-cart-items-block\"><div data-block-name=\"woocommerce\/cart-line-items-block\" class=\"wp-block-woocommerce-cart-line-items-block\"><\/div>\n\n<div data-block-name=\"woocommerce\/cart-cross-sells-block\" class=\"wp-block-woocommerce-cart-cross-sells-block\"><h2 class=\"wp-block-heading has-large-font-size\">You may be interested in\u2026<\/h2>\n\n<div data-block-name=\"woocommerce\/cart-cross-sells-products-block\" class=\"wp-block-woocommerce-cart-cross-sells-products-block\"><\/div><\/div><\/div>\n\n<div data-block-name=\"woocommerce\/cart-totals-block\" class=\"wp-block-woocommerce-cart-totals-block\"><div data-block-name=\"woocommerce\/cart-order-summary-block\" class=\"wp-block-woocommerce-cart-order-summary-block\"><div data-block-name=\"woocommerce\/cart-order-summary-heading-block\" class=\"wp-block-woocommerce-cart-order-summary-heading-block\"><\/div><div data-block-name=\"woocommerce\/cart-order-summary-coupon-form-block\" class=\"wp-block-woocommerce-cart-order-summary-coupon-form-block\"><\/div><div data-block-name=\"woocommerce\/cart-order-summary-totals-block\" class=\"wp-block-woocommerce-cart-order-summary-totals-block\">\n<div data-block-name=\"woocommerce\/cart-order-summary-subtotal-block\" class=\"wp-block-woocommerce-cart-order-summary-subtotal-block\"><\/div>\n<div data-block-name=\"woocommerce\/cart-order-summary-discount-block\" class=\"wp-block-woocommerce-cart-order-summary-discount-block\"><\/div>\n<div data-block-name=\"woocommerce\/cart-order-summary-fee-block\" class=\"wp-block-woocommerce-cart-order-summary-fee-block\"><\/div>\n<div data-block-name=\"woocommerce\/cart-order-summary-shipping-block\" class=\"wp-block-woocommerce-cart-order-summary-shipping-block\"><\/div>\n<div data-block-name=\"woocommerce\/cart-order-summary-taxes-block\" class=\"wp-block-woocommerce-cart-order-summary-taxes-block\"><\/div><\/div><\/div>\n\n<div data-block-name=\"woocommerce\/cart-express-payment-block\" class=\"wp-block-woocommerce-cart-express-payment-block\"><\/div>\n\n<div data-block-name=\"woocommerce\/proceed-to-checkout-block\" class=\"wp-block-woocommerce-proceed-to-checkout-block\"><\/div>\n\n<div data-block-name=\"woocommerce\/cart-accepted-payment-methods-block\" class=\"wp-block-woocommerce-cart-accepted-payment-methods-block\"><\/div><\/div><\/div>\n\n<div data-block-name=\"woocommerce\/empty-cart-block\" class=\"wp-block-woocommerce-empty-cart-block\"><h2 class=\"wp-block-heading has-text-align-center with-empty-cart-icon wc-block-cart__empty-cart__title\">Your cart is currently empty!<\/h2>\n\n<hr class=\"wp-block-separator has-alpha-channel-opacity is-style-dots\"\/>\n\n<h2 class=\"wp-block-heading has-text-align-center\">\u00dajdons\u00e1gok<\/h2>\n\n<\/div><\/div>","protected":false},"excerpt":{"rendered":"","protected":false},"author":1,"featured_media":0,"parent":0,"menu_order":0,"comment_status":"closed","ping_status":"closed","template":"","meta":{"footnotes":""},"class_list":["post-5868","page","type-page","status-publish","hentry"],"yoast_head":"<!-- This site is optimized with the Yoast SEO plugin v27.1.1 - https:\/\/yoast.com\/product\/yoast-seo-wordpress\/ -->\n<title>Kos\u00e1r - Sokor\u00f3 Kft.<\/title>\n<meta name=\"robots\" content=\"index, follow, max-snippet:-1, max-image-preview:large, max-video-preview:-1\" \/>\n<link rel=\"canonical\" href=\"https:\/\/sokoro.hu\/de\/kosar\/\" \/>\n<meta property=\"og:locale\" content=\"de_DE\" \/>\n<meta property=\"og:type\" content=\"article\" \/>\n<meta property=\"og:title\" content=\"Kos\u00e1r - Sokor\u00f3 Kft.\" \/>\n<meta property=\"og:url\" content=\"https:\/\/sokoro.hu\/de\/kosar\/\" \/>\n<meta property=\"og:site_name\" content=\"Sokor\u00f3 Kft.\" \/>\n<meta property=\"article:publisher\" content=\"https:\/\/facebook.com\/sokorokft\" \/>\n<meta name=\"twitter:card\" content=\"summary_large_image\" \/>\n<script type=\"application\/ld+json\" class=\"yoast-schema-graph\">{\"@context\":\"https:\/\/schema.org\",\"@graph\":[{\"@type\":\"WebPage\",\"@id\":\"https:\/\/sokoro.hu\/kosar\/\",\"url\":\"https:\/\/sokoro.hu\/kosar\/\",\"name\":\"Kos\u00e1r - Sokor\u00f3 Kft.\",\"isPartOf\":{\"@id\":\"https:\/\/sokoro.hu\/#website\"},\"datePublished\":\"2024-01-05T18:26:25+00:00\",\"breadcrumb\":{\"@id\":\"https:\/\/sokoro.hu\/kosar\/#breadcrumb\"},\"inLanguage\":\"de\",\"potentialAction\":[{\"@type\":\"ReadAction\",\"target\":[\"https:\/\/sokoro.hu\/kosar\/\"]}]},{\"@type\":\"BreadcrumbList\",\"@id\":\"https:\/\/sokoro.hu\/kosar\/#breadcrumb\",\"itemListElement\":[{\"@type\":\"ListItem\",\"position\":1,\"name\":\"Kezd\u0151lap\",\"item\":\"https:\/\/sokoro.hu\/\"},{\"@type\":\"ListItem\",\"position\":2,\"name\":\"Kos\u00e1r\"}]},{\"@type\":\"WebSite\",\"@id\":\"https:\/\/sokoro.hu\/#website\",\"url\":\"https:\/\/sokoro.hu\/\",\"name\":\"Sokor\u00f3 Kft.\",\"description\":\"F\u00e9mipari gy\u00e1rt\u00e1s\",\"publisher\":{\"@id\":\"https:\/\/sokoro.hu\/#organization\"},\"potentialAction\":[{\"@type\":\"SearchAction\",\"target\":{\"@type\":\"EntryPoint\",\"urlTemplate\":\"https:\/\/sokoro.hu\/?s={search_term_string}\"},\"query-input\":{\"@type\":\"PropertyValueSpecification\",\"valueRequired\":true,\"valueName\":\"search_term_string\"}}],\"inLanguage\":\"de\"},{\"@type\":\"Organization\",\"@id\":\"https:\/\/sokoro.hu\/#organization\",\"name\":\"Sokor\u00f3 Kft.\",\"url\":\"https:\/\/sokoro.hu\/\",\"logo\":{\"@type\":\"ImageObject\",\"inLanguage\":\"de\",\"@id\":\"https:\/\/sokoro.hu\/#\/schema\/logo\/image\/\",\"url\":\"https:\/\/sokoro.hu\/wp-content\/uploads\/2024\/01\/Nevtelen-terv-17.png\",\"contentUrl\":\"https:\/\/sokoro.hu\/wp-content\/uploads\/2024\/01\/Nevtelen-terv-17.png\",\"width\":260,\"height\":85,\"caption\":\"Sokor\u00f3 Kft.\"},\"image\":{\"@id\":\"https:\/\/sokoro.hu\/#\/schema\/logo\/image\/\"},\"sameAs\":[\"https:\/\/facebook.com\/sokorokft\"]}]}<\/script>\n<!-- \/ Yoast SEO plugin. -->","yoast_head_json":{"title":"Kos\u00e1r - Sokor\u00f3 Kft.","robots":{"index":"index","follow":"follow","max-snippet":"max-snippet:-1","max-image-preview":"max-image-preview:large","max-video-preview":"max-video-preview:-1"},"canonical":"https:\/\/sokoro.hu\/de\/kosar\/","og_locale":"de_DE","og_type":"article","og_title":"Kos\u00e1r - Sokor\u00f3 Kft.","og_url":"https:\/\/sokoro.hu\/de\/kosar\/","og_site_name":"Sokor\u00f3 Kft.","article_publisher":"https:\/\/facebook.com\/sokorokft","twitter_card":"summary_large_image","schema":{"@context":"https:\/\/schema.org","@graph":[{"@type":"WebPage","@id":"https:\/\/sokoro.hu\/kosar\/","url":"https:\/\/sokoro.hu\/kosar\/","name":"Kos\u00e1r - Sokor\u00f3 Kft.","isPartOf":{"@id":"https:\/\/sokoro.hu\/#website"},"datePublished":"2024-01-05T18:26:25+00:00","breadcrumb":{"@id":"https:\/\/sokoro.hu\/kosar\/#breadcrumb"},"inLanguage":"de","potentialAction":[{"@type":"ReadAction","target":["https:\/\/sokoro.hu\/kosar\/"]}]},{"@type":"BreadcrumbList","@id":"https:\/\/sokoro.hu\/kosar\/#breadcrumb","itemListElement":[{"@type":"ListItem","position":1,"name":"Kezd\u0151lap","item":"https:\/\/sokoro.hu\/"},{"@type":"ListItem","position":2,"name":"Kos\u00e1r"}]},{"@type":"WebSite","@id":"https:\/\/sokoro.hu\/#website","url":"https:\/\/sokoro.hu\/","name":"Sokor\u00f3 GmbH.","description":"F\u00e9mipari gy\u00e1rt\u00e1s","publisher":{"@id":"https:\/\/sokoro.hu\/#organization"},"potentialAction":[{"@type":"SearchAction","target":{"@type":"EntryPoint","urlTemplate":"https:\/\/sokoro.hu\/?s={search_term_string}"},"query-input":{"@type":"PropertyValueSpecification","valueRequired":true,"valueName":"search_term_string"}}],"inLanguage":"de"},{"@type":"Organization","@id":"https:\/\/sokoro.hu\/#organization","name":"Sokor\u00f3 GmbH.","url":"https:\/\/sokoro.hu\/","logo":{"@type":"ImageObject","inLanguage":"de","@id":"https:\/\/sokoro.hu\/#\/schema\/logo\/image\/","url":"https:\/\/sokoro.hu\/wp-content\/uploads\/2024\/01\/Nevtelen-terv-17.png","contentUrl":"https:\/\/sokoro.hu\/wp-content\/uploads\/2024\/01\/Nevtelen-terv-17.png","width":260,"height":85,"caption":"Sokor\u00f3 Kft."},"image":{"@id":"https:\/\/sokoro.hu\/#\/schema\/logo\/image\/"},"sameAs":["https:\/\/facebook.com\/sokorokft"]}]}},"_links":{"self":[{"href":"https:\/\/sokoro.hu\/de\/wp-json\/wp\/v2\/pages\/5868","targetHints":{"allow":["GET"]}}],"collection":[{"href":"https:\/\/sokoro.hu\/de\/wp-json\/wp\/v2\/pages"}],"about":[{"href":"https:\/\/sokoro.hu\/de\/wp-json\/wp\/v2\/types\/page"}],"author":[{"embeddable":true,"href":"https:\/\/sokoro.hu\/de\/wp-json\/wp\/v2\/users\/1"}],"replies":[{"embeddable":true,"href":"https:\/\/sokoro.hu\/de\/wp-json\/wp\/v2\/comments?post=5868"}],"version-history":[{"count":0,"href":"https:\/\/sokoro.hu\/de\/wp-json\/wp\/v2\/pages\/5868\/revisions"}],"wp:attachment":[{"href":"https:\/\/sokoro.hu\/de\/wp-json\/wp\/v2\/media?parent=5868"}],"curies":[{"name":"wp","href":"https:\/\/api.w.org\/{rel}","templated":true}]}}