{"id":5698,"date":"2020-02-20T12:12:52","date_gmt":"2020-02-20T12:12:52","guid":{"rendered":"https:\/\/stal.qodeinteractive.com\/?page_id=2591"},"modified":"2024-07-15T08:40:56","modified_gmt":"2024-07-15T08:40:56","slug":"feluletkezeles","status":"publish","type":"page","link":"https:\/\/sokoro.hu\/de\/feluletkezeles\/","title":{"rendered":"Fl\u00e4chenbehandlung"},"content":{"rendered":"\t\t<div data-elementor-type=\"wp-page\" data-elementor-id=\"5698\" class=\"elementor elementor-5698\">\n\t\t\t\t\t\t\t\t\t<section class=\"elementor-section elementor-top-section elementor-element elementor-element-1d07719 qodef-elementor-content-grid elementor-section-boxed elementor-section-height-default elementor-section-height-default\" data-id=\"1d07719\" data-element_type=\"section\">\n\t\t\t\t\t\t<div class=\"elementor-container elementor-column-gap-default\">\n\t\t\t\t\t<div class=\"elementor-column elementor-col-50 elementor-top-column elementor-element elementor-element-25d55c5\" data-id=\"25d55c5\" data-element_type=\"column\">\n\t\t\t<div class=\"elementor-widget-wrap elementor-element-populated\">\n\t\t\t\t\t\t\t\t<div class=\"elementor-element elementor-element-8f89a05 elementor-widget elementor-widget-stal_core_section_title\" data-id=\"8f89a05\" data-element_type=\"widget\" data-widget_type=\"stal_core_section_title.default\">\n\t\t\t\t<div class=\"elementor-widget-container\">\n\t\t\t<div class=\"qodef-shortcode qodef-m  qodef-section-title qodef-alignment--left  qodef-title-with-tagline\">\n\t\t<div class=\"qodef-m-title-wrap\">\n\t        <h6 class=\"qodef-m-title-tagline\" >G\u00c9PEINK<\/h6>\n    \t<h2 class=\"qodef-m-title\" >\n\t\t\t\t\tGostol PYE 2000\/500x6\t\t\t<\/h2>\n\t\n\t<\/div>\n\t\t<p class=\"qodef-m-text\" style=\"font-size: 19px;line-height: 30px\">A szemcsesz\u00f3r\u00f3 berendez\u00e9s sz\u00e1lanyagok, t\u00e1blalemezek \u00e9s kisebb alkatr\u00e9szek fel\u00fclet\u00e9nek tiszt\u00edt\u00e1s\u00e1ra szolg\u00e1l. A g\u00e9p munkasz\u00e9less\u00e9ge 2000 mm, max alkatr\u00e9szmagass\u00e1g 500 mm.\n\n6 darab sz\u00f6gben elford\u00edtott sz\u00f3r\u00f3fejjel rendelkezik az egys\u00e9ges \u00e9s tiszta fel\u00fclet elk\u00e9sz\u00edt\u00e9s\u00e9hez.\n\nA sz\u00f3r\u00f3fej mennyis\u00e9g\u00e9nek \u00e9s sz\u00f6g\u00e1ll\u00e1s\u00e1nak k\u00f6sz\u00f6nhet\u0151en a g\u00e9p nagyobb \u00e1tenged\u00e9si teljes\u00edtm\u00e9nnyel rendelkezik.<\/p>\n<\/div>\t\t<\/div>\n\t\t\t\t<\/div>\n\t\t\t\t<div class=\"elementor-element elementor-element-8bc4873 elementor-widget elementor-widget-stal_core_section_title\" data-id=\"8bc4873\" data-element_type=\"widget\" data-widget_type=\"stal_core_section_title.default\">\n\t\t\t\t<div class=\"elementor-widget-container\">\n\t\t\t<div class=\"qodef-shortcode qodef-m  qodef-section-title qodef-alignment--left  qodef-title-with-tagline\">\n\t\t<div class=\"qodef-m-title-wrap\">\n\t        <h6 class=\"qodef-m-title-tagline\" >G\u00c9PEINK<\/h6>\n    \t<h2 class=\"qodef-m-title\" >\n\t\t\t\t\tGostol P-3000\/1250X10\t\t\t<\/h2>\n\t\n\t<\/div>\n\t\t<p class=\"qodef-m-text\" style=\"font-size: 19px;line-height: 30px\">Munkasz\u00e9less\u00e9g: 3000 mm, munkamagass\u00e1g: 1250 mm.\nBe- \u00e9s kimen\u0151  asztal m\u00e9rete 3000x6000 mm.\nLeg\u00fajabb fel\u00fcletkezel\u0151 berendez\u00e9s\u00fcnk a GOSTOL TYPE P-3000x1250-es alagutas szemcsesz\u00f3r\u00f3. \nA berendez\u00e9s 10 darab nagy teljes\u00edtm\u00e9ny\u0171 sz\u00f3r\u00f3fejjel rendelkezik, melyek biztos\u00edtj\u00e1k a t\u00f6k\u00e9letes sz\u00f3r\u00e1sk\u00e9p el\u00e9r\u00e9s\u00e9t a hegesztett szerkezetek eset\u00e9ben.\nA berendez\u00e9s kiz\u00e1r\u00f3lag speci\u00e1lis n\u00e9met, magas min\u0151s\u00e9g\u0171 szemcs\u00e9vel dolgozik, \u00edgy mindig megb\u00edzhat\u00f3 min\u0151s\u00e9g\u0171 fel\u00fcletet eredm\u00e9nyez. \n<\/p>\n<\/div>\t\t<\/div>\n\t\t\t\t<\/div>\n\t\t\t\t<div class=\"elementor-element elementor-element-e29efd7 elementor-widget elementor-widget-stal_core_section_title\" data-id=\"e29efd7\" data-element_type=\"widget\" data-widget_type=\"stal_core_section_title.default\">\n\t\t\t\t<div class=\"elementor-widget-container\">\n\t\t\t<div class=\"qodef-shortcode qodef-m  qodef-section-title qodef-alignment--left  qodef-title-with-tagline\">\n\t\t<div class=\"qodef-m-title-wrap\">\n\t        <h6 class=\"qodef-m-title-tagline\" >G\u00c9PEINK<\/h6>\n    \t<h2 class=\"qodef-m-title\" >\n\t\t\t\t\tK\u00e9zi szemcsesz\u00f3r\u00f3 kabin SZH-K 8\u00d74-4\t\t\t<\/h2>\n\t\n\t<\/div>\n\t\t<p class=\"qodef-m-text\" style=\"font-size: 19px;line-height: 30px\">Az SZH-K 8\u00d74-4 -es k\u00e9zi konvejorp\u00e1ly\u00e1s szemcsesz\u00f3r\u00f3 kapar\u00f3elemes sz\u00f3r\u00f3anyag gy\u0171jt\u00e9ssel, mely alkalmas nagyobb m\u00e9ret\u0171 alkatr\u00e9szek fel\u00fcleti tiszt\u00edt\u00e1s\u00e1ra, rozsd\u00e1tlan\u00edt\u00e1s\u00e1ra, rev\u00e9tlen\u00edt\u00e9s\u00e9re alkalmas.\n\nA g\u00e9p terhelhet\u0151s\u00e9ge f\u00fcggeszt\u00e9kenk\u00e9nt 1500 kg. Belm\u00e9rete 8x4x4 m.\n<\/p>\n<\/div>\t\t<\/div>\n\t\t\t\t<\/div>\n\t\t\t\t\t<\/div>\n\t\t<\/div>\n\t\t\t\t<div class=\"elementor-column elementor-col-50 elementor-top-column elementor-element elementor-element-cdc7ba9\" data-id=\"cdc7ba9\" data-element_type=\"column\">\n\t\t\t<div class=\"elementor-widget-wrap elementor-element-populated\">\n\t\t\t\t\t\t\t\t<div class=\"elementor-element elementor-element-de7017a elementor-widget elementor-widget-image\" data-id=\"de7017a\" data-element_type=\"widget\" data-widget_type=\"image.default\">\n\t\t\t\t<div class=\"elementor-widget-container\">\n\t\t\t<style>\/*! elementor - v3.17.0 - 08-11-2023 *\/\n.elementor-widget-image{text-align:center}.elementor-widget-image a{display:inline-block}.elementor-widget-image a img[src$=\".svg\"]{width:48px}.elementor-widget-image img{vertical-align:middle;display:inline-block}<\/style>\t\t\t\t\t\t\t\t\t\t\t\t<img fetchpriority=\"high\" decoding=\"async\" width=\"1024\" height=\"683\" src=\"https:\/\/sokoro.hu\/wp-content\/uploads\/2023\/12\/szemcseszoro-1024x683.jpg\" class=\"attachment-large size-large wp-image-5700\" alt=\"\" srcset=\"https:\/\/sokoro.hu\/wp-content\/uploads\/2023\/12\/szemcseszoro-1024x683.jpg 1024w, https:\/\/sokoro.hu\/wp-content\/uploads\/2023\/12\/szemcseszoro-600x400.jpg 600w, https:\/\/sokoro.hu\/wp-content\/uploads\/2023\/12\/szemcseszoro-300x200.jpg 300w, https:\/\/sokoro.hu\/wp-content\/uploads\/2023\/12\/szemcseszoro-768x512.jpg 768w, https:\/\/sokoro.hu\/wp-content\/uploads\/2023\/12\/szemcseszoro-1536x1025.jpg 1536w, https:\/\/sokoro.hu\/wp-content\/uploads\/2023\/12\/szemcseszoro.jpg 1800w\" sizes=\"(max-width: 1024px) 100vw, 1024px\" \/>\t\t\t\t\t\t\t\t\t\t\t\t\t\t\t<\/div>\n\t\t\t\t<\/div>\n\t\t\t\t<div class=\"elementor-element elementor-element-3217226 elementor-widget elementor-widget-image\" data-id=\"3217226\" data-element_type=\"widget\" data-widget_type=\"image.default\">\n\t\t\t\t<div class=\"elementor-widget-container\">\n\t\t\t\t\t\t\t\t\t\t\t\t\t\t\t<img decoding=\"async\" width=\"1024\" height=\"683\" src=\"https:\/\/sokoro.hu\/wp-content\/uploads\/2024\/07\/DSC00560-2-1024x683.jpg\" class=\"attachment-large size-large wp-image-8566\" alt=\"\" srcset=\"https:\/\/sokoro.hu\/wp-content\/uploads\/2024\/07\/DSC00560-2-1024x683.jpg 1024w, https:\/\/sokoro.hu\/wp-content\/uploads\/2024\/07\/DSC00560-2-300x200.jpg 300w, https:\/\/sokoro.hu\/wp-content\/uploads\/2024\/07\/DSC00560-2-768x512.jpg 768w, https:\/\/sokoro.hu\/wp-content\/uploads\/2024\/07\/DSC00560-2-1536x1024.jpg 1536w, https:\/\/sokoro.hu\/wp-content\/uploads\/2024\/07\/DSC00560-2-18x12.jpg 18w, https:\/\/sokoro.hu\/wp-content\/uploads\/2024\/07\/DSC00560-2-600x400.jpg 600w, https:\/\/sokoro.hu\/wp-content\/uploads\/2024\/07\/DSC00560-2.jpg 2048w\" sizes=\"(max-width: 1024px) 100vw, 1024px\" \/>\t\t\t\t\t\t\t\t\t\t\t\t\t\t\t<\/div>\n\t\t\t\t<\/div>\n\t\t\t\t<div class=\"elementor-element elementor-element-8bb9cde elementor-widget elementor-widget-image\" data-id=\"8bb9cde\" data-element_type=\"widget\" data-widget_type=\"image.default\">\n\t\t\t\t<div class=\"elementor-widget-container\">\n\t\t\t\t\t\t\t\t\t\t\t\t\t\t\t<img decoding=\"async\" width=\"1024\" height=\"766\" src=\"https:\/\/sokoro.hu\/wp-content\/uploads\/2024\/01\/kezi_szemcseszoro-1024x766-1.jpg\" class=\"attachment-large size-large wp-image-7395\" alt=\"\" srcset=\"https:\/\/sokoro.hu\/wp-content\/uploads\/2024\/01\/kezi_szemcseszoro-1024x766-1.jpg 1024w, https:\/\/sokoro.hu\/wp-content\/uploads\/2024\/01\/kezi_szemcseszoro-1024x766-1-600x449.jpg 600w, https:\/\/sokoro.hu\/wp-content\/uploads\/2024\/01\/kezi_szemcseszoro-1024x766-1-300x224.jpg 300w, https:\/\/sokoro.hu\/wp-content\/uploads\/2024\/01\/kezi_szemcseszoro-1024x766-1-768x575.jpg 768w\" sizes=\"(max-width: 1024px) 100vw, 1024px\" \/>\t\t\t\t\t\t\t\t\t\t\t\t\t\t\t<\/div>\n\t\t\t\t<\/div>\n\t\t\t\t<div class=\"elementor-element elementor-element-3fdafe2 elementor-widget elementor-widget-image\" data-id=\"3fdafe2\" data-element_type=\"widget\" data-widget_type=\"image.default\">\n\t\t\t\t<div class=\"elementor-widget-container\">\n\t\t\t\t\t\t\t\t\t\t\t\t\t\t\t<img loading=\"lazy\" decoding=\"async\" width=\"766\" height=\"1024\" src=\"https:\/\/sokoro.hu\/wp-content\/uploads\/2024\/01\/kezi_szemcseszoro2-766x1024-1.jpg\" class=\"attachment-large size-large wp-image-7394\" alt=\"\" srcset=\"https:\/\/sokoro.hu\/wp-content\/uploads\/2024\/01\/kezi_szemcseszoro2-766x1024-1.jpg 766w, https:\/\/sokoro.hu\/wp-content\/uploads\/2024\/01\/kezi_szemcseszoro2-766x1024-1-600x802.jpg 600w, https:\/\/sokoro.hu\/wp-content\/uploads\/2024\/01\/kezi_szemcseszoro2-766x1024-1-224x300.jpg 224w\" sizes=\"(max-width: 766px) 100vw, 766px\" \/>\t\t\t\t\t\t\t\t\t\t\t\t\t\t\t<\/div>\n\t\t\t\t<\/div>\n\t\t\t\t\t<\/div>\n\t\t<\/div>\n\t\t\t\t\t\t\t<\/div>\n\t\t<\/section>\n\t\t<div class=\"elementor-element elementor-element-d0fe49c e-flex e-con-boxed e-con e-parent\" data-id=\"d0fe49c\" data-element_type=\"container\" data-settings=\"{&quot;content_width&quot;:&quot;boxed&quot;}\" data-core-v316-plus=\"true\">\n\t\t\t\t\t<div class=\"e-con-inner\">\n\t\t\t\t<div class=\"elementor-element elementor-element-491ee52 elementor-widget elementor-widget-spacer\" data-id=\"491ee52\" data-element_type=\"widget\" data-widget_type=\"spacer.default\">\n\t\t\t\t<div class=\"elementor-widget-container\">\n\t\t\t<style>\/*! elementor - v3.17.0 - 08-11-2023 *\/\n.elementor-column .elementor-spacer-inner{height:var(--spacer-size)}.e-con{--container-widget-width:100%}.e-con-inner>.elementor-widget-spacer,.e-con>.elementor-widget-spacer{width:var(--container-widget-width,var(--spacer-size));--align-self:var(--container-widget-align-self,initial);--flex-shrink:0}.e-con-inner>.elementor-widget-spacer>.elementor-widget-container,.e-con>.elementor-widget-spacer>.elementor-widget-container{height:100%;width:100%}.e-con-inner>.elementor-widget-spacer>.elementor-widget-container>.elementor-spacer,.e-con>.elementor-widget-spacer>.elementor-widget-container>.elementor-spacer{height:100%}.e-con-inner>.elementor-widget-spacer>.elementor-widget-container>.elementor-spacer>.elementor-spacer-inner,.e-con>.elementor-widget-spacer>.elementor-widget-container>.elementor-spacer>.elementor-spacer-inner{height:var(--container-widget-height,var(--spacer-size))}.e-con-inner>.elementor-widget-spacer.elementor-widget-empty,.e-con>.elementor-widget-spacer.elementor-widget-empty{position:relative;min-height:22px;min-width:22px}.e-con-inner>.elementor-widget-spacer.elementor-widget-empty .elementor-widget-empty-icon,.e-con>.elementor-widget-spacer.elementor-widget-empty .elementor-widget-empty-icon{position:absolute;top:0;bottom:0;left:0;right:0;margin:auto;padding:0;width:22px;height:22px}<\/style>\t\t<div class=\"elementor-spacer\">\n\t\t\t<div class=\"elementor-spacer-inner\"><\/div>\n\t\t<\/div>\n\t\t\t\t<\/div>\n\t\t\t\t<\/div>\n\t\t\t\t\t<\/div>\n\t\t\t\t<\/div>\n\t\t\t\t\t\t\t<\/div>\n\t\t","protected":false},"excerpt":{"rendered":"<p>G\u00c9PEINK Gostol PYE 2000\/500&#215;6 A szemcsesz\u00f3r\u00f3 berendez\u00e9s sz\u00e1lanyagok, t\u00e1blalemezek \u00e9s kisebb alkatr\u00e9szek fel\u00fclet\u00e9nek tiszt\u00edt\u00e1s\u00e1ra szolg\u00e1l. A g\u00e9p munkasz\u00e9less\u00e9ge 2000 mm, max alkatr\u00e9szmagass\u00e1g 500 mm. 6 darab sz\u00f6gben elford\u00edtott sz\u00f3r\u00f3fejjel rendelkezik az egys\u00e9ges \u00e9s tiszta fel\u00fclet elk\u00e9sz\u00edt\u00e9s\u00e9hez. A sz\u00f3r\u00f3fej mennyis\u00e9g\u00e9nek \u00e9s sz\u00f6g\u00e1ll\u00e1s\u00e1nak k\u00f6sz\u00f6nhet\u0151en a g\u00e9p nagyobb \u00e1tenged\u00e9si teljes\u00edtm\u00e9nnyel rendelkezik. G\u00c9PEINK Gostol P-3000\/1250X10 Munkasz\u00e9less\u00e9g: 3000 mm, munkamagass\u00e1g: [&hellip;]<\/p>\n","protected":false},"author":1,"featured_media":0,"parent":0,"menu_order":0,"comment_status":"closed","ping_status":"closed","template":"page-full-width.php","meta":{"footnotes":""},"class_list":["post-5698","page","type-page","status-publish","hentry"],"yoast_head":"<!-- This site is optimized with the Yoast SEO plugin v27.1.1 - https:\/\/yoast.com\/product\/yoast-seo-wordpress\/ -->\n<title>Fel\u00fcletkezel\u00e9s - Sokor\u00f3 Kft.<\/title>\n<meta name=\"robots\" content=\"index, follow, max-snippet:-1, max-image-preview:large, max-video-preview:-1\" \/>\n<link rel=\"canonical\" href=\"https:\/\/sokoro.hu\/de\/feluletkezeles\/\" \/>\n<meta property=\"og:locale\" content=\"de_DE\" \/>\n<meta property=\"og:type\" content=\"article\" \/>\n<meta property=\"og:title\" content=\"Fel\u00fcletkezel\u00e9s - Sokor\u00f3 Kft.\" \/>\n<meta property=\"og:description\" content=\"G\u00c9PEINK Gostol PYE 2000\/500&#215;6 A szemcsesz\u00f3r\u00f3 berendez\u00e9s sz\u00e1lanyagok, t\u00e1blalemezek \u00e9s kisebb alkatr\u00e9szek fel\u00fclet\u00e9nek tiszt\u00edt\u00e1s\u00e1ra szolg\u00e1l. A g\u00e9p munkasz\u00e9less\u00e9ge 2000 mm, max alkatr\u00e9szmagass\u00e1g 500 mm. 6 darab sz\u00f6gben elford\u00edtott sz\u00f3r\u00f3fejjel rendelkezik az egys\u00e9ges \u00e9s tiszta fel\u00fclet elk\u00e9sz\u00edt\u00e9s\u00e9hez. A sz\u00f3r\u00f3fej mennyis\u00e9g\u00e9nek \u00e9s sz\u00f6g\u00e1ll\u00e1s\u00e1nak k\u00f6sz\u00f6nhet\u0151en a g\u00e9p nagyobb \u00e1tenged\u00e9si teljes\u00edtm\u00e9nnyel rendelkezik. G\u00c9PEINK Gostol P-3000\/1250X10 Munkasz\u00e9less\u00e9g: 3000 mm, munkamagass\u00e1g: [&hellip;]\" \/>\n<meta property=\"og:url\" content=\"https:\/\/sokoro.hu\/de\/feluletkezeles\/\" \/>\n<meta property=\"og:site_name\" content=\"Sokor\u00f3 Kft.\" \/>\n<meta property=\"article:publisher\" content=\"https:\/\/facebook.com\/sokorokft\" \/>\n<meta property=\"article:modified_time\" content=\"2024-07-15T08:40:56+00:00\" \/>\n<meta property=\"og:image\" content=\"https:\/\/sokoro.hu\/wp-content\/uploads\/2023\/12\/szemcseszoro-1024x683.jpg\" \/>\n<meta name=\"twitter:card\" content=\"summary_large_image\" \/>\n<meta name=\"twitter:label1\" content=\"Gesch\u00e4tzte Lesezeit\" \/>\n\t<meta name=\"twitter:data1\" content=\"2\u00a0Minuten\" \/>\n<script type=\"application\/ld+json\" class=\"yoast-schema-graph\">{\"@context\":\"https:\/\/schema.org\",\"@graph\":[{\"@type\":\"WebPage\",\"@id\":\"https:\/\/sokoro.hu\/feluletkezeles\/\",\"url\":\"https:\/\/sokoro.hu\/feluletkezeles\/\",\"name\":\"Fel\u00fcletkezel\u00e9s - Sokor\u00f3 Kft.\",\"isPartOf\":{\"@id\":\"https:\/\/sokoro.hu\/#website\"},\"primaryImageOfPage\":{\"@id\":\"https:\/\/sokoro.hu\/feluletkezeles\/#primaryimage\"},\"image\":{\"@id\":\"https:\/\/sokoro.hu\/feluletkezeles\/#primaryimage\"},\"thumbnailUrl\":\"https:\/\/sokoro.hu\/wp-content\/uploads\/2023\/12\/szemcseszoro-1024x683.jpg\",\"datePublished\":\"2020-02-20T12:12:52+00:00\",\"dateModified\":\"2024-07-15T08:40:56+00:00\",\"breadcrumb\":{\"@id\":\"https:\/\/sokoro.hu\/feluletkezeles\/#breadcrumb\"},\"inLanguage\":\"de\",\"potentialAction\":[{\"@type\":\"ReadAction\",\"target\":[\"https:\/\/sokoro.hu\/feluletkezeles\/\"]}]},{\"@type\":\"ImageObject\",\"inLanguage\":\"de\",\"@id\":\"https:\/\/sokoro.hu\/feluletkezeles\/#primaryimage\",\"url\":\"https:\/\/sokoro.hu\/wp-content\/uploads\/2023\/12\/szemcseszoro-1024x683.jpg\",\"contentUrl\":\"https:\/\/sokoro.hu\/wp-content\/uploads\/2023\/12\/szemcseszoro-1024x683.jpg\"},{\"@type\":\"BreadcrumbList\",\"@id\":\"https:\/\/sokoro.hu\/feluletkezeles\/#breadcrumb\",\"itemListElement\":[{\"@type\":\"ListItem\",\"position\":1,\"name\":\"Kezd\u0151lap\",\"item\":\"https:\/\/sokoro.hu\/\"},{\"@type\":\"ListItem\",\"position\":2,\"name\":\"Fel\u00fcletkezel\u00e9s\"}]},{\"@type\":\"WebSite\",\"@id\":\"https:\/\/sokoro.hu\/#website\",\"url\":\"https:\/\/sokoro.hu\/\",\"name\":\"Sokor\u00f3 Kft.\",\"description\":\"F\u00e9mipari gy\u00e1rt\u00e1s\",\"publisher\":{\"@id\":\"https:\/\/sokoro.hu\/#organization\"},\"potentialAction\":[{\"@type\":\"SearchAction\",\"target\":{\"@type\":\"EntryPoint\",\"urlTemplate\":\"https:\/\/sokoro.hu\/?s={search_term_string}\"},\"query-input\":{\"@type\":\"PropertyValueSpecification\",\"valueRequired\":true,\"valueName\":\"search_term_string\"}}],\"inLanguage\":\"de\"},{\"@type\":\"Organization\",\"@id\":\"https:\/\/sokoro.hu\/#organization\",\"name\":\"Sokor\u00f3 Kft.\",\"url\":\"https:\/\/sokoro.hu\/\",\"logo\":{\"@type\":\"ImageObject\",\"inLanguage\":\"de\",\"@id\":\"https:\/\/sokoro.hu\/#\/schema\/logo\/image\/\",\"url\":\"https:\/\/sokoro.hu\/wp-content\/uploads\/2024\/01\/Nevtelen-terv-17.png\",\"contentUrl\":\"https:\/\/sokoro.hu\/wp-content\/uploads\/2024\/01\/Nevtelen-terv-17.png\",\"width\":260,\"height\":85,\"caption\":\"Sokor\u00f3 Kft.\"},\"image\":{\"@id\":\"https:\/\/sokoro.hu\/#\/schema\/logo\/image\/\"},\"sameAs\":[\"https:\/\/facebook.com\/sokorokft\"]}]}<\/script>\n<!-- \/ Yoast SEO plugin. -->","yoast_head_json":{"title":"Fel\u00fcletkezel\u00e9s - Sokor\u00f3 Kft.","robots":{"index":"index","follow":"follow","max-snippet":"max-snippet:-1","max-image-preview":"max-image-preview:large","max-video-preview":"max-video-preview:-1"},"canonical":"https:\/\/sokoro.hu\/de\/feluletkezeles\/","og_locale":"de_DE","og_type":"article","og_title":"Fel\u00fcletkezel\u00e9s - Sokor\u00f3 Kft.","og_description":"G\u00c9PEINK Gostol PYE 2000\/500&#215;6 A szemcsesz\u00f3r\u00f3 berendez\u00e9s sz\u00e1lanyagok, t\u00e1blalemezek \u00e9s kisebb alkatr\u00e9szek fel\u00fclet\u00e9nek tiszt\u00edt\u00e1s\u00e1ra szolg\u00e1l. A g\u00e9p munkasz\u00e9less\u00e9ge 2000 mm, max alkatr\u00e9szmagass\u00e1g 500 mm. 6 darab sz\u00f6gben elford\u00edtott sz\u00f3r\u00f3fejjel rendelkezik az egys\u00e9ges \u00e9s tiszta fel\u00fclet elk\u00e9sz\u00edt\u00e9s\u00e9hez. A sz\u00f3r\u00f3fej mennyis\u00e9g\u00e9nek \u00e9s sz\u00f6g\u00e1ll\u00e1s\u00e1nak k\u00f6sz\u00f6nhet\u0151en a g\u00e9p nagyobb \u00e1tenged\u00e9si teljes\u00edtm\u00e9nnyel rendelkezik. G\u00c9PEINK Gostol P-3000\/1250X10 Munkasz\u00e9less\u00e9g: 3000 mm, munkamagass\u00e1g: [&hellip;]","og_url":"https:\/\/sokoro.hu\/de\/feluletkezeles\/","og_site_name":"Sokor\u00f3 Kft.","article_publisher":"https:\/\/facebook.com\/sokorokft","article_modified_time":"2024-07-15T08:40:56+00:00","og_image":[{"url":"https:\/\/sokoro.hu\/wp-content\/uploads\/2023\/12\/szemcseszoro-1024x683.jpg","type":"","width":"","height":""}],"twitter_card":"summary_large_image","twitter_misc":{"Gesch\u00e4tzte Lesezeit":"2\u00a0Minuten"},"schema":{"@context":"https:\/\/schema.org","@graph":[{"@type":"WebPage","@id":"https:\/\/sokoro.hu\/feluletkezeles\/","url":"https:\/\/sokoro.hu\/feluletkezeles\/","name":"Fel\u00fcletkezel\u00e9s - Sokor\u00f3 Kft.","isPartOf":{"@id":"https:\/\/sokoro.hu\/#website"},"primaryImageOfPage":{"@id":"https:\/\/sokoro.hu\/feluletkezeles\/#primaryimage"},"image":{"@id":"https:\/\/sokoro.hu\/feluletkezeles\/#primaryimage"},"thumbnailUrl":"https:\/\/sokoro.hu\/wp-content\/uploads\/2023\/12\/szemcseszoro-1024x683.jpg","datePublished":"2020-02-20T12:12:52+00:00","dateModified":"2024-07-15T08:40:56+00:00","breadcrumb":{"@id":"https:\/\/sokoro.hu\/feluletkezeles\/#breadcrumb"},"inLanguage":"de","potentialAction":[{"@type":"ReadAction","target":["https:\/\/sokoro.hu\/feluletkezeles\/"]}]},{"@type":"ImageObject","inLanguage":"de","@id":"https:\/\/sokoro.hu\/feluletkezeles\/#primaryimage","url":"https:\/\/sokoro.hu\/wp-content\/uploads\/2023\/12\/szemcseszoro-1024x683.jpg","contentUrl":"https:\/\/sokoro.hu\/wp-content\/uploads\/2023\/12\/szemcseszoro-1024x683.jpg"},{"@type":"BreadcrumbList","@id":"https:\/\/sokoro.hu\/feluletkezeles\/#breadcrumb","itemListElement":[{"@type":"ListItem","position":1,"name":"Kezd\u0151lap","item":"https:\/\/sokoro.hu\/"},{"@type":"ListItem","position":2,"name":"Fel\u00fcletkezel\u00e9s"}]},{"@type":"WebSite","@id":"https:\/\/sokoro.hu\/#website","url":"https:\/\/sokoro.hu\/","name":"Sokor\u00f3 GmbH.","description":"F\u00e9mipari gy\u00e1rt\u00e1s","publisher":{"@id":"https:\/\/sokoro.hu\/#organization"},"potentialAction":[{"@type":"SearchAction","target":{"@type":"EntryPoint","urlTemplate":"https:\/\/sokoro.hu\/?s={search_term_string}"},"query-input":{"@type":"PropertyValueSpecification","valueRequired":true,"valueName":"search_term_string"}}],"inLanguage":"de"},{"@type":"Organization","@id":"https:\/\/sokoro.hu\/#organization","name":"Sokor\u00f3 GmbH.","url":"https:\/\/sokoro.hu\/","logo":{"@type":"ImageObject","inLanguage":"de","@id":"https:\/\/sokoro.hu\/#\/schema\/logo\/image\/","url":"https:\/\/sokoro.hu\/wp-content\/uploads\/2024\/01\/Nevtelen-terv-17.png","contentUrl":"https:\/\/sokoro.hu\/wp-content\/uploads\/2024\/01\/Nevtelen-terv-17.png","width":260,"height":85,"caption":"Sokor\u00f3 Kft."},"image":{"@id":"https:\/\/sokoro.hu\/#\/schema\/logo\/image\/"},"sameAs":["https:\/\/facebook.com\/sokorokft"]}]}},"_links":{"self":[{"href":"https:\/\/sokoro.hu\/de\/wp-json\/wp\/v2\/pages\/5698","targetHints":{"allow":["GET"]}}],"collection":[{"href":"https:\/\/sokoro.hu\/de\/wp-json\/wp\/v2\/pages"}],"about":[{"href":"https:\/\/sokoro.hu\/de\/wp-json\/wp\/v2\/types\/page"}],"author":[{"embeddable":true,"href":"https:\/\/sokoro.hu\/de\/wp-json\/wp\/v2\/users\/1"}],"replies":[{"embeddable":true,"href":"https:\/\/sokoro.hu\/de\/wp-json\/wp\/v2\/comments?post=5698"}],"version-history":[{"count":23,"href":"https:\/\/sokoro.hu\/de\/wp-json\/wp\/v2\/pages\/5698\/revisions"}],"predecessor-version":[{"id":8569,"href":"https:\/\/sokoro.hu\/de\/wp-json\/wp\/v2\/pages\/5698\/revisions\/8569"}],"wp:attachment":[{"href":"https:\/\/sokoro.hu\/de\/wp-json\/wp\/v2\/media?parent=5698"}],"curies":[{"name":"wp","href":"https:\/\/api.w.org\/{rel}","templated":true}]}}