{"id":2504,"date":"2020-02-20T10:36:18","date_gmt":"2020-02-20T10:36:18","guid":{"rendered":"https:\/\/stal.qodeinteractive.com\/?page_id=2504"},"modified":"2024-03-24T10:36:52","modified_gmt":"2024-03-24T10:36:52","slug":"minosegbiztositas","status":"publish","type":"page","link":"https:\/\/sokoro.hu\/de\/minosegbiztositas\/","title":{"rendered":"Qualit\u00e4tssicherung"},"content":{"rendered":"\t\t<div data-elementor-type=\"wp-page\" data-elementor-id=\"2504\" class=\"elementor elementor-2504\">\n\t\t\t\t\t\t\t<div class=\"elementor-element elementor-element-a7f76eb e-con-full e-flex e-con e-parent\" data-id=\"a7f76eb\" data-element_type=\"container\" data-settings=\"{&quot;content_width&quot;:&quot;full&quot;}\" data-core-v316-plus=\"true\">\n\t\t<div class=\"elementor-element elementor-element-5ad82cb e-con-full e-flex e-con e-child\" data-id=\"5ad82cb\" data-element_type=\"container\" data-settings=\"{&quot;content_width&quot;:&quot;full&quot;}\">\n\t\t\t\t<div class=\"elementor-element elementor-element-3dbb478 elementor-widget elementor-widget-spacer\" data-id=\"3dbb478\" data-element_type=\"widget\" data-widget_type=\"spacer.default\">\n\t\t\t\t<div class=\"elementor-widget-container\">\n\t\t\t<style>\/*! elementor - v3.17.0 - 08-11-2023 *\/\n.elementor-column .elementor-spacer-inner{height:var(--spacer-size)}.e-con{--container-widget-width:100%}.e-con-inner>.elementor-widget-spacer,.e-con>.elementor-widget-spacer{width:var(--container-widget-width,var(--spacer-size));--align-self:var(--container-widget-align-self,initial);--flex-shrink:0}.e-con-inner>.elementor-widget-spacer>.elementor-widget-container,.e-con>.elementor-widget-spacer>.elementor-widget-container{height:100%;width:100%}.e-con-inner>.elementor-widget-spacer>.elementor-widget-container>.elementor-spacer,.e-con>.elementor-widget-spacer>.elementor-widget-container>.elementor-spacer{height:100%}.e-con-inner>.elementor-widget-spacer>.elementor-widget-container>.elementor-spacer>.elementor-spacer-inner,.e-con>.elementor-widget-spacer>.elementor-widget-container>.elementor-spacer>.elementor-spacer-inner{height:var(--container-widget-height,var(--spacer-size))}.e-con-inner>.elementor-widget-spacer.elementor-widget-empty,.e-con>.elementor-widget-spacer.elementor-widget-empty{position:relative;min-height:22px;min-width:22px}.e-con-inner>.elementor-widget-spacer.elementor-widget-empty .elementor-widget-empty-icon,.e-con>.elementor-widget-spacer.elementor-widget-empty .elementor-widget-empty-icon{position:absolute;top:0;bottom:0;left:0;right:0;margin:auto;padding:0;width:22px;height:22px}<\/style>\t\t<div class=\"elementor-spacer\">\n\t\t\t<div class=\"elementor-spacer-inner\"><\/div>\n\t\t<\/div>\n\t\t\t\t<\/div>\n\t\t\t\t<\/div>\n\t\t\t\t<div class=\"elementor-element elementor-element-e481b90 elementor-widget__width-initial elementor-widget elementor-widget-stal_core_section_title\" data-id=\"e481b90\" data-element_type=\"widget\" data-widget_type=\"stal_core_section_title.default\">\n\t\t\t\t<div class=\"elementor-widget-container\">\n\t\t\t<div class=\"qodef-shortcode qodef-m  qodef-section-title qodef-alignment--left  qodef-title-with-tagline\">\n\t\t<div class=\"qodef-m-title-wrap\">\n\t        <h6 class=\"qodef-m-title-tagline\" >MIN\u0150S\u00c9G<\/h6>\n    \t<h2 class=\"qodef-m-title\" >\n\t\t\t\t\tMin\u0151s\u00e9gbiztos\u00edt\u00e1s a Sokor\u00f3 Kft-n\u00e9l\t\t\t<\/h2>\n\t\n\t<\/div>\n\t\t<p class=\"qodef-m-text\" style=\"font-size: 19px;line-height: 30px\">Szak\u00e9rtelemmel, elk\u00f6telezetts\u00e9ggel, hossz\u00fa t\u00e1v\u00fa tervez\u00e9ssel \u00e9s a min\u0151s\u00e9g\u00fcgyi el\u0151\u00edr\u00e1sok k\u00f6vetkezetes betart\u00e1s\u00e1val dolgozunk. Ez lehet\u0151v\u00e9 teszi, hogy gy\u00e1rtm\u00e1nyaink nem csak a kisz\u00e1ll\u00edt\u00e1skor, hanem t\u00f6bb \u00e9ves haszn\u00e1lat ut\u00e1n is a lehet\u0151 legjobb min\u0151s\u00e9gben, \u00e9s legmagasabb sz\u00ednvonalon szolg\u00e1lj\u00e1k ki Vev\u0151ink ig\u00e9nyeit.\nKiemelt figyelmet ford\u00edtunk a Partereinkt\u0151l kapott visszajelz\u00e9sekre, gy\u00e1rt\u00e1si folyamataink kialak\u00edt\u00e1s\u00e1n\u00e1l els\u0151dleges szempont az \u00dcgyfelekt\u0151l kapott inform\u00e1ci\u00f3k alapj\u00e1n t\u00f6rt\u00e9n\u0151 folyamatos fejl\u0151d\u00e9s. \n<\/p>\n<\/div>\t\t<\/div>\n\t\t\t\t<\/div>\n\t\t\t\t<\/div>\n\t\t\t\t<\/div>\n\t\t<div class=\"elementor-element elementor-element-f1bd1c2 e-flex e-con-boxed e-con e-parent\" data-id=\"f1bd1c2\" data-element_type=\"container\" data-settings=\"{&quot;content_width&quot;:&quot;boxed&quot;}\" data-core-v316-plus=\"true\">\n\t\t\t\t\t<div class=\"e-con-inner\">\n\t\t\t\t<div class=\"elementor-element elementor-element-8380a1d elementor-widget elementor-widget-spacer\" data-id=\"8380a1d\" data-element_type=\"widget\" data-widget_type=\"spacer.default\">\n\t\t\t\t<div class=\"elementor-widget-container\">\n\t\t\t\t\t<div class=\"elementor-spacer\">\n\t\t\t<div class=\"elementor-spacer-inner\"><\/div>\n\t\t<\/div>\n\t\t\t\t<\/div>\n\t\t\t\t<\/div>\n\t\t\t\t\t<\/div>\n\t\t\t\t<\/div>\n\t\t<div class=\"elementor-element elementor-element-fb90fcf e-flex e-con-boxed e-con e-parent\" data-id=\"fb90fcf\" data-element_type=\"container\" data-settings=\"{&quot;content_width&quot;:&quot;boxed&quot;}\" data-core-v316-plus=\"true\">\n\t\t\t\t\t<div class=\"e-con-inner\">\n\t\t<div class=\"elementor-element elementor-element-f0c5878 e-con-full e-flex e-con e-child\" data-id=\"f0c5878\" data-element_type=\"container\" data-settings=\"{&quot;content_width&quot;:&quot;full&quot;}\">\n\t\t\t\t<div class=\"elementor-element elementor-element-3055859 elementor-widget elementor-widget-image\" data-id=\"3055859\" data-element_type=\"widget\" data-widget_type=\"image.default\">\n\t\t\t\t<div class=\"elementor-widget-container\">\n\t\t\t<style>\/*! elementor - v3.17.0 - 08-11-2023 *\/\n.elementor-widget-image{text-align:center}.elementor-widget-image a{display:inline-block}.elementor-widget-image a img[src$=\".svg\"]{width:48px}.elementor-widget-image img{vertical-align:middle;display:inline-block}<\/style>\t\t\t\t\t\t\t\t\t\t\t\t\t<a href=\"https:\/\/sokoro.hu\/wp-content\/uploads\/2024\/01\/dvs3.jpg\" data-elementor-open-lightbox=\"yes\" data-elementor-lightbox-title=\"dvs3\" data-e-action-hash=\"#elementor-action%3Aaction%3Dlightbox%26settings%3DeyJpZCI6Njc3MiwidXJsIjoiaHR0cHM6XC9cL3Nva29yby5odVwvd3AtY29udGVudFwvdXBsb2Fkc1wvMjAyNFwvMDFcL2R2czMuanBnIn0%3D\">\n\t\t\t\t\t\t\t<img fetchpriority=\"high\" decoding=\"async\" width=\"665\" height=\"939\" src=\"https:\/\/sokoro.hu\/wp-content\/uploads\/2024\/01\/dvs3.jpg\" class=\"attachment-large size-large wp-image-6772\" alt=\"\" srcset=\"https:\/\/sokoro.hu\/wp-content\/uploads\/2024\/01\/dvs3.jpg 665w, https:\/\/sokoro.hu\/wp-content\/uploads\/2024\/01\/dvs3-600x847.jpg 600w, https:\/\/sokoro.hu\/wp-content\/uploads\/2024\/01\/dvs3-212x300.jpg 212w\" sizes=\"(max-width: 665px) 100vw, 665px\" \/>\t\t\t\t\t\t\t\t<\/a>\n\t\t\t\t\t\t\t\t\t\t\t\t\t\t\t<\/div>\n\t\t\t\t<\/div>\n\t\t\t\t<\/div>\n\t\t<div class=\"elementor-element elementor-element-502f9eb e-con-full e-flex e-con e-child\" data-id=\"502f9eb\" data-element_type=\"container\" data-settings=\"{&quot;content_width&quot;:&quot;full&quot;}\">\n\t\t\t\t<div class=\"elementor-element elementor-element-b7324e6 elementor-widget elementor-widget-image\" data-id=\"b7324e6\" data-element_type=\"widget\" data-widget_type=\"image.default\">\n\t\t\t\t<div class=\"elementor-widget-container\">\n\t\t\t\t\t\t\t\t\t\t\t\t\t\t\t\t<a href=\"https:\/\/sokoro.hu\/wp-content\/uploads\/2024\/01\/dvs2.jpg\" data-elementor-open-lightbox=\"yes\" data-elementor-lightbox-title=\"dvs2\" data-e-action-hash=\"#elementor-action%3Aaction%3Dlightbox%26settings%3DeyJpZCI6Njc3MSwidXJsIjoiaHR0cHM6XC9cL3Nva29yby5odVwvd3AtY29udGVudFwvdXBsb2Fkc1wvMjAyNFwvMDFcL2R2czIuanBnIn0%3D\">\n\t\t\t\t\t\t\t<img decoding=\"async\" width=\"650\" height=\"943\" src=\"https:\/\/sokoro.hu\/wp-content\/uploads\/2024\/01\/dvs2.jpg\" class=\"attachment-large size-large wp-image-6771\" alt=\"\" srcset=\"https:\/\/sokoro.hu\/wp-content\/uploads\/2024\/01\/dvs2.jpg 650w, https:\/\/sokoro.hu\/wp-content\/uploads\/2024\/01\/dvs2-600x870.jpg 600w, https:\/\/sokoro.hu\/wp-content\/uploads\/2024\/01\/dvs2-207x300.jpg 207w\" sizes=\"(max-width: 650px) 100vw, 650px\" \/>\t\t\t\t\t\t\t\t<\/a>\n\t\t\t\t\t\t\t\t\t\t\t\t\t\t\t<\/div>\n\t\t\t\t<\/div>\n\t\t\t\t<\/div>\n\t\t<div class=\"elementor-element elementor-element-c5c8f2c e-con-full e-flex e-con e-child\" data-id=\"c5c8f2c\" data-element_type=\"container\" data-settings=\"{&quot;content_width&quot;:&quot;full&quot;}\">\n\t\t\t\t<div class=\"elementor-element elementor-element-a6fb95a elementor-widget elementor-widget-image\" data-id=\"a6fb95a\" data-element_type=\"widget\" data-widget_type=\"image.default\">\n\t\t\t\t<div class=\"elementor-widget-container\">\n\t\t\t\t\t\t\t\t\t\t\t\t\t\t\t\t<a href=\"https:\/\/sokoro.hu\/wp-content\/uploads\/2024\/01\/dvs1.jpg\" data-elementor-open-lightbox=\"yes\" data-elementor-lightbox-title=\"dvs1\" data-e-action-hash=\"#elementor-action%3Aaction%3Dlightbox%26settings%3DeyJpZCI6Njc3MCwidXJsIjoiaHR0cHM6XC9cL3Nva29yby5odVwvd3AtY29udGVudFwvdXBsb2Fkc1wvMjAyNFwvMDFcL2R2czEuanBnIn0%3D\">\n\t\t\t\t\t\t\t<img decoding=\"async\" width=\"652\" height=\"937\" src=\"https:\/\/sokoro.hu\/wp-content\/uploads\/2024\/01\/dvs1.jpg\" class=\"attachment-large size-large wp-image-6770\" alt=\"\" srcset=\"https:\/\/sokoro.hu\/wp-content\/uploads\/2024\/01\/dvs1.jpg 652w, https:\/\/sokoro.hu\/wp-content\/uploads\/2024\/01\/dvs1-600x862.jpg 600w, https:\/\/sokoro.hu\/wp-content\/uploads\/2024\/01\/dvs1-209x300.jpg 209w\" sizes=\"(max-width: 652px) 100vw, 652px\" \/>\t\t\t\t\t\t\t\t<\/a>\n\t\t\t\t\t\t\t\t\t\t\t\t\t\t\t<\/div>\n\t\t\t\t<\/div>\n\t\t\t\t<\/div>\n\t\t<div class=\"elementor-element elementor-element-ce2b4cb e-con-full e-flex e-con e-child\" data-id=\"ce2b4cb\" data-element_type=\"container\" data-settings=\"{&quot;content_width&quot;:&quot;full&quot;}\">\n\t\t\t\t<div class=\"elementor-element elementor-element-39e526e elementor-widget elementor-widget-image\" data-id=\"39e526e\" data-element_type=\"widget\" data-widget_type=\"image.default\">\n\t\t\t\t<div class=\"elementor-widget-container\">\n\t\t\t\t\t\t\t\t\t\t\t\t\t\t\t\t<a href=\"https:\/\/sokoro.hu\/wp-content\/uploads\/2024\/01\/dvs1-1.jpg\" data-elementor-open-lightbox=\"yes\" data-elementor-lightbox-title=\"dvs1 (1)\" data-e-action-hash=\"#elementor-action%3Aaction%3Dlightbox%26settings%3DeyJpZCI6Njc2OSwidXJsIjoiaHR0cHM6XC9cL3Nva29yby5odVwvd3AtY29udGVudFwvdXBsb2Fkc1wvMjAyNFwvMDFcL2R2czEtMS5qcGcifQ%3D%3D\">\n\t\t\t\t\t\t\t<img loading=\"lazy\" decoding=\"async\" width=\"652\" height=\"937\" src=\"https:\/\/sokoro.hu\/wp-content\/uploads\/2024\/01\/dvs1-1.jpg\" class=\"attachment-large size-large wp-image-6769\" alt=\"\" srcset=\"https:\/\/sokoro.hu\/wp-content\/uploads\/2024\/01\/dvs1-1.jpg 652w, https:\/\/sokoro.hu\/wp-content\/uploads\/2024\/01\/dvs1-1-600x862.jpg 600w, https:\/\/sokoro.hu\/wp-content\/uploads\/2024\/01\/dvs1-1-209x300.jpg 209w\" sizes=\"(max-width: 652px) 100vw, 652px\" \/>\t\t\t\t\t\t\t\t<\/a>\n\t\t\t\t\t\t\t\t\t\t\t\t\t\t\t<\/div>\n\t\t\t\t<\/div>\n\t\t\t\t<\/div>\n\t\t\t\t\t<\/div>\n\t\t\t\t<\/div>\n\t\t\t\t\t\t\t<\/div>\n\t\t","protected":false},"excerpt":{"rendered":"<p>MIN\u0150S\u00c9G Min\u0151s\u00e9gbiztos\u00edt\u00e1s a Sokor\u00f3 Kft-n\u00e9l Szak\u00e9rtelemmel, elk\u00f6telezetts\u00e9ggel, hossz\u00fa t\u00e1v\u00fa tervez\u00e9ssel \u00e9s a min\u0151s\u00e9g\u00fcgyi el\u0151\u00edr\u00e1sok k\u00f6vetkezetes betart\u00e1s\u00e1val dolgozunk. Ez lehet\u0151v\u00e9 teszi, hogy gy\u00e1rtm\u00e1nyaink nem csak a kisz\u00e1ll\u00edt\u00e1skor, hanem t\u00f6bb \u00e9ves haszn\u00e1lat ut\u00e1n is a lehet\u0151 legjobb min\u0151s\u00e9gben, \u00e9s legmagasabb sz\u00ednvonalon szolg\u00e1lj\u00e1k ki Vev\u0151ink ig\u00e9nyeit. Kiemelt figyelmet ford\u00edtunk a Partereinkt\u0151l kapott visszajelz\u00e9sekre, gy\u00e1rt\u00e1si folyamataink kialak\u00edt\u00e1s\u00e1n\u00e1l els\u0151dleges szempont [&hellip;]<\/p>\n","protected":false},"author":1,"featured_media":0,"parent":0,"menu_order":0,"comment_status":"closed","ping_status":"closed","template":"page-full-width.php","meta":{"footnotes":""},"class_list":["post-2504","page","type-page","status-publish","hentry"],"yoast_head":"<!-- This site is optimized with the Yoast SEO plugin v27.1.1 - https:\/\/yoast.com\/product\/yoast-seo-wordpress\/ -->\n<title>Min\u0151s\u00e9g - Sokor\u00f3 Kft.<\/title>\n<meta name=\"robots\" content=\"index, follow, max-snippet:-1, max-image-preview:large, max-video-preview:-1\" \/>\n<link rel=\"canonical\" href=\"https:\/\/sokoro.hu\/de\/minosegbiztositas\/\" \/>\n<meta property=\"og:locale\" content=\"de_DE\" \/>\n<meta property=\"og:type\" content=\"article\" \/>\n<meta property=\"og:title\" content=\"Min\u0151s\u00e9g - Sokor\u00f3 Kft.\" \/>\n<meta property=\"og:description\" content=\"MIN\u0150S\u00c9G Min\u0151s\u00e9gbiztos\u00edt\u00e1s a Sokor\u00f3 Kft-n\u00e9l Szak\u00e9rtelemmel, elk\u00f6telezetts\u00e9ggel, hossz\u00fa t\u00e1v\u00fa tervez\u00e9ssel \u00e9s a min\u0151s\u00e9g\u00fcgyi el\u0151\u00edr\u00e1sok k\u00f6vetkezetes betart\u00e1s\u00e1val dolgozunk. Ez lehet\u0151v\u00e9 teszi, hogy gy\u00e1rtm\u00e1nyaink nem csak a kisz\u00e1ll\u00edt\u00e1skor, hanem t\u00f6bb \u00e9ves haszn\u00e1lat ut\u00e1n is a lehet\u0151 legjobb min\u0151s\u00e9gben, \u00e9s legmagasabb sz\u00ednvonalon szolg\u00e1lj\u00e1k ki Vev\u0151ink ig\u00e9nyeit. Kiemelt figyelmet ford\u00edtunk a Partereinkt\u0151l kapott visszajelz\u00e9sekre, gy\u00e1rt\u00e1si folyamataink kialak\u00edt\u00e1s\u00e1n\u00e1l els\u0151dleges szempont [&hellip;]\" \/>\n<meta property=\"og:url\" content=\"https:\/\/sokoro.hu\/de\/minosegbiztositas\/\" \/>\n<meta property=\"og:site_name\" content=\"Sokor\u00f3 Kft.\" \/>\n<meta property=\"article:publisher\" content=\"https:\/\/facebook.com\/sokorokft\" \/>\n<meta property=\"article:modified_time\" content=\"2024-03-24T10:36:52+00:00\" \/>\n<meta property=\"og:image\" content=\"https:\/\/sokoro.hu\/wp-content\/uploads\/2024\/01\/dvs3.jpg\" \/>\n<meta name=\"twitter:card\" content=\"summary_large_image\" \/>\n<meta name=\"twitter:label1\" content=\"Gesch\u00e4tzte Lesezeit\" \/>\n\t<meta name=\"twitter:data1\" content=\"2\u00a0Minuten\" \/>\n<script type=\"application\/ld+json\" class=\"yoast-schema-graph\">{\"@context\":\"https:\/\/schema.org\",\"@graph\":[{\"@type\":\"WebPage\",\"@id\":\"https:\/\/sokoro.hu\/minosegbiztositas\/\",\"url\":\"https:\/\/sokoro.hu\/minosegbiztositas\/\",\"name\":\"Min\u0151s\u00e9g - Sokor\u00f3 Kft.\",\"isPartOf\":{\"@id\":\"https:\/\/sokoro.hu\/#website\"},\"primaryImageOfPage\":{\"@id\":\"https:\/\/sokoro.hu\/minosegbiztositas\/#primaryimage\"},\"image\":{\"@id\":\"https:\/\/sokoro.hu\/minosegbiztositas\/#primaryimage\"},\"thumbnailUrl\":\"https:\/\/sokoro.hu\/wp-content\/uploads\/2024\/01\/dvs3.jpg\",\"datePublished\":\"2020-02-20T10:36:18+00:00\",\"dateModified\":\"2024-03-24T10:36:52+00:00\",\"breadcrumb\":{\"@id\":\"https:\/\/sokoro.hu\/minosegbiztositas\/#breadcrumb\"},\"inLanguage\":\"de\",\"potentialAction\":[{\"@type\":\"ReadAction\",\"target\":[\"https:\/\/sokoro.hu\/minosegbiztositas\/\"]}]},{\"@type\":\"ImageObject\",\"inLanguage\":\"de\",\"@id\":\"https:\/\/sokoro.hu\/minosegbiztositas\/#primaryimage\",\"url\":\"https:\/\/sokoro.hu\/wp-content\/uploads\/2024\/01\/dvs3.jpg\",\"contentUrl\":\"https:\/\/sokoro.hu\/wp-content\/uploads\/2024\/01\/dvs3.jpg\"},{\"@type\":\"BreadcrumbList\",\"@id\":\"https:\/\/sokoro.hu\/minosegbiztositas\/#breadcrumb\",\"itemListElement\":[{\"@type\":\"ListItem\",\"position\":1,\"name\":\"Kezd\u0151lap\",\"item\":\"https:\/\/sokoro.hu\/\"},{\"@type\":\"ListItem\",\"position\":2,\"name\":\"Min\u0151s\u00e9g\"}]},{\"@type\":\"WebSite\",\"@id\":\"https:\/\/sokoro.hu\/#website\",\"url\":\"https:\/\/sokoro.hu\/\",\"name\":\"Sokor\u00f3 Kft.\",\"description\":\"F\u00e9mipari gy\u00e1rt\u00e1s\",\"publisher\":{\"@id\":\"https:\/\/sokoro.hu\/#organization\"},\"potentialAction\":[{\"@type\":\"SearchAction\",\"target\":{\"@type\":\"EntryPoint\",\"urlTemplate\":\"https:\/\/sokoro.hu\/?s={search_term_string}\"},\"query-input\":{\"@type\":\"PropertyValueSpecification\",\"valueRequired\":true,\"valueName\":\"search_term_string\"}}],\"inLanguage\":\"de\"},{\"@type\":\"Organization\",\"@id\":\"https:\/\/sokoro.hu\/#organization\",\"name\":\"Sokor\u00f3 Kft.\",\"url\":\"https:\/\/sokoro.hu\/\",\"logo\":{\"@type\":\"ImageObject\",\"inLanguage\":\"de\",\"@id\":\"https:\/\/sokoro.hu\/#\/schema\/logo\/image\/\",\"url\":\"https:\/\/sokoro.hu\/wp-content\/uploads\/2024\/01\/Nevtelen-terv-17.png\",\"contentUrl\":\"https:\/\/sokoro.hu\/wp-content\/uploads\/2024\/01\/Nevtelen-terv-17.png\",\"width\":260,\"height\":85,\"caption\":\"Sokor\u00f3 Kft.\"},\"image\":{\"@id\":\"https:\/\/sokoro.hu\/#\/schema\/logo\/image\/\"},\"sameAs\":[\"https:\/\/facebook.com\/sokorokft\"]}]}<\/script>\n<!-- \/ Yoast SEO plugin. -->","yoast_head_json":{"title":"Min\u0151s\u00e9g - Sokor\u00f3 Kft.","robots":{"index":"index","follow":"follow","max-snippet":"max-snippet:-1","max-image-preview":"max-image-preview:large","max-video-preview":"max-video-preview:-1"},"canonical":"https:\/\/sokoro.hu\/de\/minosegbiztositas\/","og_locale":"de_DE","og_type":"article","og_title":"Min\u0151s\u00e9g - Sokor\u00f3 Kft.","og_description":"MIN\u0150S\u00c9G Min\u0151s\u00e9gbiztos\u00edt\u00e1s a Sokor\u00f3 Kft-n\u00e9l Szak\u00e9rtelemmel, elk\u00f6telezetts\u00e9ggel, hossz\u00fa t\u00e1v\u00fa tervez\u00e9ssel \u00e9s a min\u0151s\u00e9g\u00fcgyi el\u0151\u00edr\u00e1sok k\u00f6vetkezetes betart\u00e1s\u00e1val dolgozunk. Ez lehet\u0151v\u00e9 teszi, hogy gy\u00e1rtm\u00e1nyaink nem csak a kisz\u00e1ll\u00edt\u00e1skor, hanem t\u00f6bb \u00e9ves haszn\u00e1lat ut\u00e1n is a lehet\u0151 legjobb min\u0151s\u00e9gben, \u00e9s legmagasabb sz\u00ednvonalon szolg\u00e1lj\u00e1k ki Vev\u0151ink ig\u00e9nyeit. Kiemelt figyelmet ford\u00edtunk a Partereinkt\u0151l kapott visszajelz\u00e9sekre, gy\u00e1rt\u00e1si folyamataink kialak\u00edt\u00e1s\u00e1n\u00e1l els\u0151dleges szempont [&hellip;]","og_url":"https:\/\/sokoro.hu\/de\/minosegbiztositas\/","og_site_name":"Sokor\u00f3 Kft.","article_publisher":"https:\/\/facebook.com\/sokorokft","article_modified_time":"2024-03-24T10:36:52+00:00","og_image":[{"url":"https:\/\/sokoro.hu\/wp-content\/uploads\/2024\/01\/dvs3.jpg","type":"","width":"","height":""}],"twitter_card":"summary_large_image","twitter_misc":{"Gesch\u00e4tzte Lesezeit":"2\u00a0Minuten"},"schema":{"@context":"https:\/\/schema.org","@graph":[{"@type":"WebPage","@id":"https:\/\/sokoro.hu\/minosegbiztositas\/","url":"https:\/\/sokoro.hu\/minosegbiztositas\/","name":"Min\u0151s\u00e9g - Sokor\u00f3 Kft.","isPartOf":{"@id":"https:\/\/sokoro.hu\/#website"},"primaryImageOfPage":{"@id":"https:\/\/sokoro.hu\/minosegbiztositas\/#primaryimage"},"image":{"@id":"https:\/\/sokoro.hu\/minosegbiztositas\/#primaryimage"},"thumbnailUrl":"https:\/\/sokoro.hu\/wp-content\/uploads\/2024\/01\/dvs3.jpg","datePublished":"2020-02-20T10:36:18+00:00","dateModified":"2024-03-24T10:36:52+00:00","breadcrumb":{"@id":"https:\/\/sokoro.hu\/minosegbiztositas\/#breadcrumb"},"inLanguage":"de","potentialAction":[{"@type":"ReadAction","target":["https:\/\/sokoro.hu\/minosegbiztositas\/"]}]},{"@type":"ImageObject","inLanguage":"de","@id":"https:\/\/sokoro.hu\/minosegbiztositas\/#primaryimage","url":"https:\/\/sokoro.hu\/wp-content\/uploads\/2024\/01\/dvs3.jpg","contentUrl":"https:\/\/sokoro.hu\/wp-content\/uploads\/2024\/01\/dvs3.jpg"},{"@type":"BreadcrumbList","@id":"https:\/\/sokoro.hu\/minosegbiztositas\/#breadcrumb","itemListElement":[{"@type":"ListItem","position":1,"name":"Kezd\u0151lap","item":"https:\/\/sokoro.hu\/"},{"@type":"ListItem","position":2,"name":"Min\u0151s\u00e9g"}]},{"@type":"WebSite","@id":"https:\/\/sokoro.hu\/#website","url":"https:\/\/sokoro.hu\/","name":"Sokor\u00f3 GmbH.","description":"F\u00e9mipari gy\u00e1rt\u00e1s","publisher":{"@id":"https:\/\/sokoro.hu\/#organization"},"potentialAction":[{"@type":"SearchAction","target":{"@type":"EntryPoint","urlTemplate":"https:\/\/sokoro.hu\/?s={search_term_string}"},"query-input":{"@type":"PropertyValueSpecification","valueRequired":true,"valueName":"search_term_string"}}],"inLanguage":"de"},{"@type":"Organization","@id":"https:\/\/sokoro.hu\/#organization","name":"Sokor\u00f3 GmbH.","url":"https:\/\/sokoro.hu\/","logo":{"@type":"ImageObject","inLanguage":"de","@id":"https:\/\/sokoro.hu\/#\/schema\/logo\/image\/","url":"https:\/\/sokoro.hu\/wp-content\/uploads\/2024\/01\/Nevtelen-terv-17.png","contentUrl":"https:\/\/sokoro.hu\/wp-content\/uploads\/2024\/01\/Nevtelen-terv-17.png","width":260,"height":85,"caption":"Sokor\u00f3 Kft."},"image":{"@id":"https:\/\/sokoro.hu\/#\/schema\/logo\/image\/"},"sameAs":["https:\/\/facebook.com\/sokorokft"]}]}},"_links":{"self":[{"href":"https:\/\/sokoro.hu\/de\/wp-json\/wp\/v2\/pages\/2504","targetHints":{"allow":["GET"]}}],"collection":[{"href":"https:\/\/sokoro.hu\/de\/wp-json\/wp\/v2\/pages"}],"about":[{"href":"https:\/\/sokoro.hu\/de\/wp-json\/wp\/v2\/types\/page"}],"author":[{"embeddable":true,"href":"https:\/\/sokoro.hu\/de\/wp-json\/wp\/v2\/users\/1"}],"replies":[{"embeddable":true,"href":"https:\/\/sokoro.hu\/de\/wp-json\/wp\/v2\/comments?post=2504"}],"version-history":[{"count":26,"href":"https:\/\/sokoro.hu\/de\/wp-json\/wp\/v2\/pages\/2504\/revisions"}],"predecessor-version":[{"id":8494,"href":"https:\/\/sokoro.hu\/de\/wp-json\/wp\/v2\/pages\/2504\/revisions\/8494"}],"wp:attachment":[{"href":"https:\/\/sokoro.hu\/de\/wp-json\/wp\/v2\/media?parent=2504"}],"curies":[{"name":"wp","href":"https:\/\/api.w.org\/{rel}","templated":true}]}}